{"id":29666,"date":"2025-03-02T15:24:19","date_gmt":"2025-03-02T15:24:19","guid":{"rendered":"https:\/\/www.lagunino.cz\/?page_id=29666"},"modified":"2025-09-01T16:20:26","modified_gmt":"2025-09-01T16:20:26","slug":"probehle-tabory-2025","status":"publish","type":"page","link":"https:\/\/www.lagunino.cz\/probehle-tabory-2025\/","title":{"rendered":"Prob\u011bhl\u00e9 t\u00e1bory 2025"},"content":{"rendered":"\n<h2 class=\"wp-block-heading\">Prob\u011bhl\u00e9 t\u00e1bory 2025<\/h2>\n\n\n\n<p class=\"has-larger-font-size\"><strong>V roce 2025 jsme organizovali n\u00e1sleduj\u00edc\u00ed t\u00e1bory<\/strong><\/p>\n\n\n\n<p style=\"font-size:22px\"><strong><a href=\"https:\/\/www.lagunino.cz\/?page_id=27758\">JDT 22. 2. \u2013 1. 3. 2025<\/a><\/strong><\/p>\n\n\n\n<p style=\"font-size:22px\"><strong><a href=\"https:\/\/www.lagunino.cz\/?page_id=28081\">P\u0159\u00edm\u011bstsk\u00fd sportovn\u00ed LDT 7. &#8211; 11. 7. 2025<\/a><\/strong><\/p>\n\n\n\n<p style=\"font-size:22px\"><a href=\"https:\/\/www.lagunino.cz\/?page_id=28137\" target=\"_blank\" rel=\"noreferrer noopener\"><strong>Vod\u00e1ck\u00fd LDT S\u00e1zava 20. &#8211; 26. 7. 2025<\/strong><\/a><\/p>\n\n\n\n<p style=\"font-size:22px\"><strong><a href=\"https:\/\/www.lagunino.cz\/?page_id=28101\">Chatov\u00fd LDT Sloup 9. &#8211; 16. 8. 2025<\/a><\/strong><\/p>\n\n\n\n<p style=\"font-size:22px\"><strong><a href=\"https:\/\/www.lagunino.cz\/?page_id=28112\">OCR a ninja soust\u0159ed\u011bn\u00ed 18. &#8211; 22. 8. 2025<\/a><\/strong><\/p>\n\n\n\n<p style=\"font-size:22px\"><strong><a href=\"https:\/\/www.lagunino.cz\/?page_id=28071\">Outdoorov\u00fd LDT 24. &#8211; 29. 8. 2025<\/a><\/strong><\/p>\n","protected":false},"excerpt":{"rendered":"<p>Prob\u011bhl\u00e9 t\u00e1bory 2025 V roce 2025 jsme organizovali n\u00e1sleduj\u00edc\u00ed t\u00e1bory JDT 22. 2. \u2013 1. 3. 2025 P\u0159\u00edm\u011bstsk\u00fd sportovn\u00ed LDT 7. &#8211; 11. 7. 2025 Vod\u00e1ck\u00fd LDT S\u00e1zava 20. &#8211; 26. 7. 2025 Chatov\u00fd LDT Sloup 9. &#8211; 16. 8. 2025 OCR a ninja soust\u0159ed\u011bn\u00ed 18. &#8211; 22. 8. 2025 [&hellip;]<\/p>\n","protected":false},"author":1,"featured_media":0,"parent":0,"menu_order":0,"comment_status":"closed","ping_status":"closed","template":"","meta":{"footnotes":""},"class_list":["post-29666","page","type-page","status-publish","hentry"],"featured_image_src":null,"_links":{"self":[{"href":"https:\/\/www.lagunino.cz\/wp-json\/wp\/v2\/pages\/29666","targetHints":{"allow":["GET"]}}],"collection":[{"href":"https:\/\/www.lagunino.cz\/wp-json\/wp\/v2\/pages"}],"about":[{"href":"https:\/\/www.lagunino.cz\/wp-json\/wp\/v2\/types\/page"}],"author":[{"embeddable":true,"href":"https:\/\/www.lagunino.cz\/wp-json\/wp\/v2\/users\/1"}],"replies":[{"embeddable":true,"href":"https:\/\/www.lagunino.cz\/wp-json\/wp\/v2\/comments?post=29666"}],"version-history":[{"count":6,"href":"https:\/\/www.lagunino.cz\/wp-json\/wp\/v2\/pages\/29666\/revisions"}],"predecessor-version":[{"id":32178,"href":"https:\/\/www.lagunino.cz\/wp-json\/wp\/v2\/pages\/29666\/revisions\/32178"}],"wp:attachment":[{"href":"https:\/\/www.lagunino.cz\/wp-json\/wp\/v2\/media?parent=29666"}],"curies":[{"name":"wp","href":"https:\/\/api.w.org\/{rel}","templated":true}]}}