{"id":28721,"date":"2025-01-25T11:55:52","date_gmt":"2025-01-25T11:55:52","guid":{"rendered":"https:\/\/www.lagunino.cz\/?page_id=28721"},"modified":"2026-02-12T11:18:22","modified_gmt":"2026-02-12T11:18:22","slug":"lagunino-ocr-race","status":"publish","type":"page","link":"https:\/\/www.lagunino.cz\/lagunino-ocr-race\/","title":{"rendered":"Lagunino OCR Race"},"content":{"rendered":"\n<h2 class=\"wp-block-heading has-text-align-center has-huge-font-size\">Lagunino OCR Race<\/h2>\n\n\n\n<div class=\"wp-block-columns is-layout-flex wp-container-core-columns-is-layout-9d6595d7 wp-block-columns-is-layout-flex\">\n<div class=\"wp-block-column is-layout-flow wp-block-column-is-layout-flow\">\n<figure class=\"wp-block-image size-large\"><img loading=\"lazy\" decoding=\"async\" width=\"1024\" height=\"674\" src=\"https:\/\/www.lagunino.cz\/wp-content\/uploads\/2025\/01\/OCR-logoinv-1024x674.jpg\" alt=\"\" class=\"wp-image-28509\" srcset=\"https:\/\/www.lagunino.cz\/wp-content\/uploads\/2025\/01\/OCR-logoinv-1024x674.jpg 1024w, https:\/\/www.lagunino.cz\/wp-content\/uploads\/2025\/01\/OCR-logoinv-300x198.jpg 300w, https:\/\/www.lagunino.cz\/wp-content\/uploads\/2025\/01\/OCR-logoinv-768x506.jpg 768w, https:\/\/www.lagunino.cz\/wp-content\/uploads\/2025\/01\/OCR-logoinv-1536x1011.jpg 1536w, https:\/\/www.lagunino.cz\/wp-content\/uploads\/2025\/01\/OCR-logoinv-2048x1348.jpg 2048w\" sizes=\"auto, (max-width: 1024px) 100vw, 1024px\" \/><\/figure>\n<\/div>\n\n\n\n<div class=\"wp-block-column is-layout-flow wp-block-column-is-layout-flow\">\n<figure class=\"wp-block-embed is-type-video is-provider-youtube wp-block-embed-youtube wp-embed-aspect-16-9 wp-has-aspect-ratio\"><div class=\"wp-block-embed__wrapper\">\n<iframe loading=\"lazy\" title=\"Promo Lagunino OCR Race 2025\" width=\"640\" height=\"360\" src=\"https:\/\/www.youtube.com\/embed\/YjC9RMKi6v8?feature=oembed\" frameborder=\"0\" allow=\"accelerometer; autoplay; clipboard-write; encrypted-media; gyroscope; picture-in-picture; web-share\" referrerpolicy=\"strict-origin-when-cross-origin\" allowfullscreen><\/iframe>\n<\/div><\/figure>\n<\/div>\n<\/div>\n\n\n\n<p class=\"has-text-align-center has-larger-font-size\">S\u00e9rie p\u0159ek\u00e1\u017ekov\u00fdch z\u00e1vod\u016f pro d\u011bti i dosp\u011bl\u00e9<\/p>\n\n\n\n<p class=\"has-larger-font-size\"><strong><a href=\"https:\/\/www.laguninoocrrace.cz\/\">Lagunino OCR Race 2026<\/a><\/strong><\/p>\n\n\n\n<p class=\"has-larger-font-size\"><strong><a href=\"https:\/\/www.laguninoocrrace.cz\/lagunino-ocr-race-2025\/\">Lagunino OCR Race 2025<\/a><\/strong><\/p>\n\n\n\n<p class=\"has-larger-font-size\"><strong><a href=\"https:\/\/www.laguninoocrrace.cz\/?page_id=4033\">Lagunino OCR Race 2024<\/a><\/strong><\/p>\n\n\n\n<p class=\"has-larger-font-size\"><strong><a href=\"https:\/\/www.laguninoocrrace.cz\/?page_id=2598\">Lagunino OCR Race 2023<\/a><\/strong><\/p>\n\n\n\n<p class=\"has-larger-font-size\"><strong><a href=\"https:\/\/www.lagunino.cz\/?page_id=14579\">Lagunino OCR Race 2022<\/a><\/strong><\/p>\n\n\n\n<p class=\"has-larger-font-size\"><strong><a href=\"https:\/\/www.lagunino.cz\/?page_id=9522\">Lagunino OCR Race 2021<\/a><\/strong><\/p>\n","protected":false},"excerpt":{"rendered":"<p>Lagunino OCR Race S\u00e9rie p\u0159ek\u00e1\u017ekov\u00fdch z\u00e1vod\u016f pro d\u011bti i dosp\u011bl\u00e9 Lagunino OCR Race 2026 Lagunino OCR Race 2025 Lagunino OCR Race 2024 Lagunino OCR Race 2023 Lagunino OCR Race 2022 Lagunino OCR Race 2021<\/p>\n","protected":false},"author":1,"featured_media":0,"parent":0,"menu_order":0,"comment_status":"closed","ping_status":"closed","template":"","meta":{"footnotes":""},"class_list":["post-28721","page","type-page","status-publish","hentry"],"featured_image_src":null,"_links":{"self":[{"href":"https:\/\/www.lagunino.cz\/wp-json\/wp\/v2\/pages\/28721","targetHints":{"allow":["GET"]}}],"collection":[{"href":"https:\/\/www.lagunino.cz\/wp-json\/wp\/v2\/pages"}],"about":[{"href":"https:\/\/www.lagunino.cz\/wp-json\/wp\/v2\/types\/page"}],"author":[{"embeddable":true,"href":"https:\/\/www.lagunino.cz\/wp-json\/wp\/v2\/users\/1"}],"replies":[{"embeddable":true,"href":"https:\/\/www.lagunino.cz\/wp-json\/wp\/v2\/comments?post=28721"}],"version-history":[{"count":7,"href":"https:\/\/www.lagunino.cz\/wp-json\/wp\/v2\/pages\/28721\/revisions"}],"predecessor-version":[{"id":34642,"href":"https:\/\/www.lagunino.cz\/wp-json\/wp\/v2\/pages\/28721\/revisions\/34642"}],"wp:attachment":[{"href":"https:\/\/www.lagunino.cz\/wp-json\/wp\/v2\/media?parent=28721"}],"curies":[{"name":"wp","href":"https:\/\/api.w.org\/{rel}","templated":true}]}}