{"id":24360,"date":"2024-02-11T14:45:19","date_gmt":"2024-02-11T14:45:19","guid":{"rendered":"https:\/\/www.lagunino.cz\/?page_id=24360"},"modified":"2025-01-25T21:38:24","modified_gmt":"2025-01-25T21:38:24","slug":"velikonocni-zavod-otuzilych-delfinu","status":"publish","type":"page","link":"https:\/\/www.lagunino.cz\/velikonocni-zavod-otuzilych-delfinu\/","title":{"rendered":"Velikono\u010dn\u00ed z\u00e1vod Otu\u017eil\u00fdch delf\u00edn\u016f 22. 3. 2024"},"content":{"rendered":"\n<h2 class=\"wp-block-heading has-text-align-center has-huge-font-size\">Velikono\u010dn\u00ed z\u00e1vod Otu\u017eil\u00fdch delf\u00edn\u016f 22. 3. 2024<\/h2>\n\n\n\n<p class=\"has-text-align-center has-medium-font-size\">V p\u00e1tek 22. 3. 2024 prob\u011bhl dal\u0161\u00ed z\u00e1vod odd\u00edlu Otu\u017eil\u00ed delf\u00edni. Na z\u00e1vodn\u00edky \u010dekala kr\u00e1tk\u00e1 tra\u0165 v tr\u00e9ninkov\u00e9m centru s 26ti p\u0159ek\u00e1\u017ekami, z nich\u017e 3 byly vodn\u00ed.<\/p>\n\n\n\n<figure class=\"wp-block-gallery has-nested-images columns-default is-cropped wp-block-gallery-1 is-layout-flex wp-block-gallery-is-layout-flex\">\n<figure class=\"wp-block-image size-large\"><img loading=\"lazy\" decoding=\"async\" width=\"1024\" height=\"683\" data-id=\"24837\" src=\"https:\/\/www.lagunino.cz\/wp-content\/uploads\/2024\/03\/2024-03-22-16h22m36-1-X3-1024x683.jpg\" alt=\"\" class=\"wp-image-24837\" srcset=\"https:\/\/www.lagunino.cz\/wp-content\/uploads\/2024\/03\/2024-03-22-16h22m36-1-X3-1024x683.jpg 1024w, https:\/\/www.lagunino.cz\/wp-content\/uploads\/2024\/03\/2024-03-22-16h22m36-1-X3-300x200.jpg 300w, https:\/\/www.lagunino.cz\/wp-content\/uploads\/2024\/03\/2024-03-22-16h22m36-1-X3-768x512.jpg 768w, https:\/\/www.lagunino.cz\/wp-content\/uploads\/2024\/03\/2024-03-22-16h22m36-1-X3-1536x1024.jpg 1536w, https:\/\/www.lagunino.cz\/wp-content\/uploads\/2024\/03\/2024-03-22-16h22m36-1-X3.jpg 1600w\" sizes=\"auto, (max-width: 1024px) 100vw, 1024px\" \/><\/figure>\n\n\n\n<figure class=\"wp-block-image size-large\"><img loading=\"lazy\" decoding=\"async\" width=\"1024\" height=\"683\" data-id=\"24833\" src=\"https:\/\/www.lagunino.cz\/wp-content\/uploads\/2024\/03\/2024-03-22-16h05m54-X3-1024x683.jpg\" alt=\"\" class=\"wp-image-24833\" srcset=\"https:\/\/www.lagunino.cz\/wp-content\/uploads\/2024\/03\/2024-03-22-16h05m54-X3-1024x683.jpg 1024w, https:\/\/www.lagunino.cz\/wp-content\/uploads\/2024\/03\/2024-03-22-16h05m54-X3-300x200.jpg 300w, https:\/\/www.lagunino.cz\/wp-content\/uploads\/2024\/03\/2024-03-22-16h05m54-X3-768x512.jpg 768w, https:\/\/www.lagunino.cz\/wp-content\/uploads\/2024\/03\/2024-03-22-16h05m54-X3-1536x1024.jpg 1536w, https:\/\/www.lagunino.cz\/wp-content\/uploads\/2024\/03\/2024-03-22-16h05m54-X3.jpg 1600w\" sizes=\"auto, (max-width: 1024px) 100vw, 1024px\" \/><\/figure>\n\n\n\n<figure class=\"wp-block-image size-large\"><img loading=\"lazy\" decoding=\"async\" width=\"1024\" height=\"683\" data-id=\"24844\" src=\"https:\/\/www.lagunino.cz\/wp-content\/uploads\/2024\/03\/2024-03-22-17h08m52-X3-1024x683.jpg\" alt=\"\" class=\"wp-image-24844\" srcset=\"https:\/\/www.lagunino.cz\/wp-content\/uploads\/2024\/03\/2024-03-22-17h08m52-X3-1024x683.jpg 1024w, https:\/\/www.lagunino.cz\/wp-content\/uploads\/2024\/03\/2024-03-22-17h08m52-X3-300x200.jpg 300w, https:\/\/www.lagunino.cz\/wp-content\/uploads\/2024\/03\/2024-03-22-17h08m52-X3-768x512.jpg 768w, https:\/\/www.lagunino.cz\/wp-content\/uploads\/2024\/03\/2024-03-22-17h08m52-X3-1536x1024.jpg 1536w, https:\/\/www.lagunino.cz\/wp-content\/uploads\/2024\/03\/2024-03-22-17h08m52-X3.jpg 1600w\" sizes=\"auto, (max-width: 1024px) 100vw, 1024px\" \/><\/figure>\n<\/figure>\n\n\n\n<hr class=\"wp-block-separator has-alpha-channel-opacity\"\/>\n\n\n\n<p class=\"has-larger-font-size\">Video ze z\u00e1vodu<\/p>\n\n\n\n<figure class=\"wp-block-embed aligncenter is-type-video is-provider-youtube wp-block-embed-youtube wp-embed-aspect-16-9 wp-has-aspect-ratio\"><div class=\"wp-block-embed__wrapper\">\n<iframe loading=\"lazy\" title=\"Velikono\u010dn\u00ed OCR z\u00e1vod Otu\u017eil\u00fdch delf\u00edn\u016f 22. 3. 2024\" width=\"640\" height=\"360\" src=\"https:\/\/www.youtube.com\/embed\/tfCAjYNIJh8?feature=oembed\" frameborder=\"0\" allow=\"accelerometer; autoplay; clipboard-write; encrypted-media; gyroscope; picture-in-picture; web-share\" referrerpolicy=\"strict-origin-when-cross-origin\" allowfullscreen><\/iframe>\n<\/div><\/figure>\n\n\n\n<hr class=\"wp-block-separator has-alpha-channel-opacity\"\/>\n\n\n\n<p>V kategorii Kids I pom\u011b\u0159ili s\u00edly dva z\u00e1vodn\u00edci a rychleji si s p\u0159ek\u00e1\u017ekami poradil Tom s \u010dasem 0:05:54 a druh\u00fd byl Sam s \u010dasem 0:08:00.<\/p>\n\n\n\n<figure class=\"wp-block-gallery has-nested-images columns-default is-cropped wp-block-gallery-2 is-layout-flex wp-block-gallery-is-layout-flex\">\n<figure class=\"wp-block-image size-large\"><img loading=\"lazy\" decoding=\"async\" width=\"1024\" height=\"683\" data-id=\"24832\" src=\"https:\/\/www.lagunino.cz\/wp-content\/uploads\/2024\/03\/2024-03-22-16h01m39-X3-1024x683.jpg\" alt=\"\" class=\"wp-image-24832\" srcset=\"https:\/\/www.lagunino.cz\/wp-content\/uploads\/2024\/03\/2024-03-22-16h01m39-X3-1024x683.jpg 1024w, https:\/\/www.lagunino.cz\/wp-content\/uploads\/2024\/03\/2024-03-22-16h01m39-X3-300x200.jpg 300w, https:\/\/www.lagunino.cz\/wp-content\/uploads\/2024\/03\/2024-03-22-16h01m39-X3-768x512.jpg 768w, https:\/\/www.lagunino.cz\/wp-content\/uploads\/2024\/03\/2024-03-22-16h01m39-X3-1536x1024.jpg 1536w, https:\/\/www.lagunino.cz\/wp-content\/uploads\/2024\/03\/2024-03-22-16h01m39-X3.jpg 1600w\" sizes=\"auto, (max-width: 1024px) 100vw, 1024px\" \/><\/figure>\n\n\n\n<figure class=\"wp-block-image size-large\"><img loading=\"lazy\" decoding=\"async\" width=\"1024\" height=\"683\" data-id=\"24834\" src=\"https:\/\/www.lagunino.cz\/wp-content\/uploads\/2024\/03\/2024-03-22-16h12m38-X3-1024x683.jpg\" alt=\"\" class=\"wp-image-24834\" srcset=\"https:\/\/www.lagunino.cz\/wp-content\/uploads\/2024\/03\/2024-03-22-16h12m38-X3-1024x683.jpg 1024w, https:\/\/www.lagunino.cz\/wp-content\/uploads\/2024\/03\/2024-03-22-16h12m38-X3-300x200.jpg 300w, https:\/\/www.lagunino.cz\/wp-content\/uploads\/2024\/03\/2024-03-22-16h12m38-X3-768x512.jpg 768w, https:\/\/www.lagunino.cz\/wp-content\/uploads\/2024\/03\/2024-03-22-16h12m38-X3-1536x1024.jpg 1536w, https:\/\/www.lagunino.cz\/wp-content\/uploads\/2024\/03\/2024-03-22-16h12m38-X3.jpg 1600w\" sizes=\"auto, (max-width: 1024px) 100vw, 1024px\" \/><\/figure>\n\n\n\n<figure class=\"wp-block-image size-large\"><img loading=\"lazy\" decoding=\"async\" width=\"1024\" height=\"683\" data-id=\"24835\" src=\"https:\/\/www.lagunino.cz\/wp-content\/uploads\/2024\/03\/2024-03-22-16h19m27-X3-1024x683.jpg\" alt=\"\" class=\"wp-image-24835\" srcset=\"https:\/\/www.lagunino.cz\/wp-content\/uploads\/2024\/03\/2024-03-22-16h19m27-X3-1024x683.jpg 1024w, https:\/\/www.lagunino.cz\/wp-content\/uploads\/2024\/03\/2024-03-22-16h19m27-X3-300x200.jpg 300w, https:\/\/www.lagunino.cz\/wp-content\/uploads\/2024\/03\/2024-03-22-16h19m27-X3-768x512.jpg 768w, https:\/\/www.lagunino.cz\/wp-content\/uploads\/2024\/03\/2024-03-22-16h19m27-X3-1536x1024.jpg 1536w, https:\/\/www.lagunino.cz\/wp-content\/uploads\/2024\/03\/2024-03-22-16h19m27-X3.jpg 1600w\" sizes=\"auto, (max-width: 1024px) 100vw, 1024px\" \/><\/figure>\n<\/figure>\n\n\n\n<hr class=\"wp-block-separator has-alpha-channel-opacity\"\/>\n\n\n\n<p>V kategorii Kids II pom\u011b\u0159ili s\u00edly tak\u00e9 dva z\u00e1vodn\u00edci a prvn\u00ed m\u00edsto vybojoval Denis s \u010dasem 0:04:11, kter\u00fd byl z\u00e1rove\u0148 nejrychlej\u0161\u00ed ze v\u0161ech z\u00e1vodn\u00edk\u016f a druh\u00fd byl Tade\u00e1\u0161 s \u010dasem 0:06:25.<\/p>\n\n\n\n<figure class=\"wp-block-gallery has-nested-images columns-default is-cropped wp-block-gallery-3 is-layout-flex wp-block-gallery-is-layout-flex\">\n<figure class=\"wp-block-image size-large\"><img loading=\"lazy\" decoding=\"async\" width=\"1024\" height=\"683\" data-id=\"24836\" src=\"https:\/\/www.lagunino.cz\/wp-content\/uploads\/2024\/03\/2024-03-22-16h22m06-1-X3-1024x683.jpg\" alt=\"\" class=\"wp-image-24836\" srcset=\"https:\/\/www.lagunino.cz\/wp-content\/uploads\/2024\/03\/2024-03-22-16h22m06-1-X3-1024x683.jpg 1024w, https:\/\/www.lagunino.cz\/wp-content\/uploads\/2024\/03\/2024-03-22-16h22m06-1-X3-300x200.jpg 300w, https:\/\/www.lagunino.cz\/wp-content\/uploads\/2024\/03\/2024-03-22-16h22m06-1-X3-768x512.jpg 768w, https:\/\/www.lagunino.cz\/wp-content\/uploads\/2024\/03\/2024-03-22-16h22m06-1-X3-1536x1024.jpg 1536w, https:\/\/www.lagunino.cz\/wp-content\/uploads\/2024\/03\/2024-03-22-16h22m06-1-X3.jpg 1600w\" sizes=\"auto, (max-width: 1024px) 100vw, 1024px\" \/><\/figure>\n\n\n\n<figure class=\"wp-block-image size-large\"><img loading=\"lazy\" decoding=\"async\" width=\"1024\" height=\"683\" data-id=\"24838\" src=\"https:\/\/www.lagunino.cz\/wp-content\/uploads\/2024\/03\/2024-03-22-16h30m32-1-X3-1024x683.jpg\" alt=\"\" class=\"wp-image-24838\" srcset=\"https:\/\/www.lagunino.cz\/wp-content\/uploads\/2024\/03\/2024-03-22-16h30m32-1-X3-1024x683.jpg 1024w, https:\/\/www.lagunino.cz\/wp-content\/uploads\/2024\/03\/2024-03-22-16h30m32-1-X3-300x200.jpg 300w, https:\/\/www.lagunino.cz\/wp-content\/uploads\/2024\/03\/2024-03-22-16h30m32-1-X3-768x512.jpg 768w, https:\/\/www.lagunino.cz\/wp-content\/uploads\/2024\/03\/2024-03-22-16h30m32-1-X3-1536x1024.jpg 1536w, https:\/\/www.lagunino.cz\/wp-content\/uploads\/2024\/03\/2024-03-22-16h30m32-1-X3.jpg 1600w\" sizes=\"auto, (max-width: 1024px) 100vw, 1024px\" \/><\/figure>\n\n\n\n<figure class=\"wp-block-image size-large\"><img loading=\"lazy\" decoding=\"async\" width=\"1024\" height=\"683\" data-id=\"24839\" src=\"https:\/\/www.lagunino.cz\/wp-content\/uploads\/2024\/03\/2024-03-22-16h33m27-X3-1024x683.jpg\" alt=\"\" class=\"wp-image-24839\" srcset=\"https:\/\/www.lagunino.cz\/wp-content\/uploads\/2024\/03\/2024-03-22-16h33m27-X3-1024x683.jpg 1024w, https:\/\/www.lagunino.cz\/wp-content\/uploads\/2024\/03\/2024-03-22-16h33m27-X3-300x200.jpg 300w, https:\/\/www.lagunino.cz\/wp-content\/uploads\/2024\/03\/2024-03-22-16h33m27-X3-768x512.jpg 768w, https:\/\/www.lagunino.cz\/wp-content\/uploads\/2024\/03\/2024-03-22-16h33m27-X3-1536x1024.jpg 1536w, https:\/\/www.lagunino.cz\/wp-content\/uploads\/2024\/03\/2024-03-22-16h33m27-X3.jpg 1600w\" sizes=\"auto, (max-width: 1024px) 100vw, 1024px\" \/><\/figure>\n<\/figure>\n\n\n\n<hr class=\"wp-block-separator has-alpha-channel-opacity\"\/>\n\n\n\n<p>V kategorii Kids III b\u011b\u017eeli t\u0159i z\u00e1vodn\u00edci. Prvn\u00ed se stejn\u00fdm \u010dasem 0:04:31 um\u00edstili Albert a Adam. Druh\u00fd byl Erik s \u010dasem 0:5:39.<\/p>\n\n\n\n<figure class=\"wp-block-gallery has-nested-images columns-default is-cropped wp-block-gallery-4 is-layout-flex wp-block-gallery-is-layout-flex\">\n<figure class=\"wp-block-image size-large\"><img loading=\"lazy\" decoding=\"async\" width=\"1024\" height=\"683\" data-id=\"24841\" src=\"https:\/\/www.lagunino.cz\/wp-content\/uploads\/2024\/03\/2024-03-22-16h53m58-X3-1024x683.jpg\" alt=\"\" class=\"wp-image-24841\" srcset=\"https:\/\/www.lagunino.cz\/wp-content\/uploads\/2024\/03\/2024-03-22-16h53m58-X3-1024x683.jpg 1024w, https:\/\/www.lagunino.cz\/wp-content\/uploads\/2024\/03\/2024-03-22-16h53m58-X3-300x200.jpg 300w, https:\/\/www.lagunino.cz\/wp-content\/uploads\/2024\/03\/2024-03-22-16h53m58-X3-768x512.jpg 768w, https:\/\/www.lagunino.cz\/wp-content\/uploads\/2024\/03\/2024-03-22-16h53m58-X3-1536x1024.jpg 1536w, https:\/\/www.lagunino.cz\/wp-content\/uploads\/2024\/03\/2024-03-22-16h53m58-X3.jpg 1600w\" sizes=\"auto, (max-width: 1024px) 100vw, 1024px\" \/><\/figure>\n\n\n\n<figure class=\"wp-block-image size-large\"><img loading=\"lazy\" decoding=\"async\" width=\"1024\" height=\"683\" data-id=\"24842\" src=\"https:\/\/www.lagunino.cz\/wp-content\/uploads\/2024\/03\/2024-03-22-17h02m09-1-X3-1024x683.jpg\" alt=\"\" class=\"wp-image-24842\" srcset=\"https:\/\/www.lagunino.cz\/wp-content\/uploads\/2024\/03\/2024-03-22-17h02m09-1-X3-1024x683.jpg 1024w, https:\/\/www.lagunino.cz\/wp-content\/uploads\/2024\/03\/2024-03-22-17h02m09-1-X3-300x200.jpg 300w, https:\/\/www.lagunino.cz\/wp-content\/uploads\/2024\/03\/2024-03-22-17h02m09-1-X3-768x512.jpg 768w, https:\/\/www.lagunino.cz\/wp-content\/uploads\/2024\/03\/2024-03-22-17h02m09-1-X3-1536x1024.jpg 1536w, https:\/\/www.lagunino.cz\/wp-content\/uploads\/2024\/03\/2024-03-22-17h02m09-1-X3.jpg 1600w\" sizes=\"auto, (max-width: 1024px) 100vw, 1024px\" \/><\/figure>\n\n\n\n<figure class=\"wp-block-image size-large\"><img loading=\"lazy\" decoding=\"async\" width=\"1024\" height=\"683\" data-id=\"24843\" src=\"https:\/\/www.lagunino.cz\/wp-content\/uploads\/2024\/03\/2024-03-22-17h06m31-2-X3-1024x683.jpg\" alt=\"\" class=\"wp-image-24843\" srcset=\"https:\/\/www.lagunino.cz\/wp-content\/uploads\/2024\/03\/2024-03-22-17h06m31-2-X3-1024x683.jpg 1024w, https:\/\/www.lagunino.cz\/wp-content\/uploads\/2024\/03\/2024-03-22-17h06m31-2-X3-300x200.jpg 300w, https:\/\/www.lagunino.cz\/wp-content\/uploads\/2024\/03\/2024-03-22-17h06m31-2-X3-768x512.jpg 768w, https:\/\/www.lagunino.cz\/wp-content\/uploads\/2024\/03\/2024-03-22-17h06m31-2-X3-1536x1024.jpg 1536w, https:\/\/www.lagunino.cz\/wp-content\/uploads\/2024\/03\/2024-03-22-17h06m31-2-X3.jpg 1600w\" sizes=\"auto, (max-width: 1024px) 100vw, 1024px\" \/><\/figure>\n<\/figure>\n\n\n\n<hr class=\"wp-block-separator has-alpha-channel-opacity\"\/>\n\n\n\n<p>V kategorii Adults b\u011b\u017eeli t\u0159i z\u00e1vodn\u00edci a nejrychlej\u0161\u00ed byl Roman s \u010dasem 0:10:02, druh\u00fd byl Vojta s \u010dasem 0:10:27 a t\u0159et\u00ed Milu\u0161ka s \u010dasem 0:10:58.<\/p>\n\n\n\n<figure class=\"wp-block-gallery has-nested-images columns-default is-cropped wp-block-gallery-5 is-layout-flex wp-block-gallery-is-layout-flex\">\n<figure class=\"wp-block-image size-large\"><img loading=\"lazy\" decoding=\"async\" width=\"1024\" height=\"683\" data-id=\"24846\" src=\"https:\/\/www.lagunino.cz\/wp-content\/uploads\/2024\/03\/2024-03-22-17h28m55-X3-1024x683.jpg\" alt=\"\" class=\"wp-image-24846\" srcset=\"https:\/\/www.lagunino.cz\/wp-content\/uploads\/2024\/03\/2024-03-22-17h28m55-X3-1024x683.jpg 1024w, https:\/\/www.lagunino.cz\/wp-content\/uploads\/2024\/03\/2024-03-22-17h28m55-X3-300x200.jpg 300w, https:\/\/www.lagunino.cz\/wp-content\/uploads\/2024\/03\/2024-03-22-17h28m55-X3-768x512.jpg 768w, https:\/\/www.lagunino.cz\/wp-content\/uploads\/2024\/03\/2024-03-22-17h28m55-X3-1536x1024.jpg 1536w, https:\/\/www.lagunino.cz\/wp-content\/uploads\/2024\/03\/2024-03-22-17h28m55-X3.jpg 1600w\" sizes=\"auto, (max-width: 1024px) 100vw, 1024px\" \/><\/figure>\n\n\n\n<figure class=\"wp-block-image size-large\"><img loading=\"lazy\" decoding=\"async\" width=\"1024\" height=\"683\" data-id=\"24847\" src=\"https:\/\/www.lagunino.cz\/wp-content\/uploads\/2024\/03\/2024-03-22-17h44m53-1-X3-1024x683.jpg\" alt=\"\" class=\"wp-image-24847\" srcset=\"https:\/\/www.lagunino.cz\/wp-content\/uploads\/2024\/03\/2024-03-22-17h44m53-1-X3-1024x683.jpg 1024w, https:\/\/www.lagunino.cz\/wp-content\/uploads\/2024\/03\/2024-03-22-17h44m53-1-X3-300x200.jpg 300w, https:\/\/www.lagunino.cz\/wp-content\/uploads\/2024\/03\/2024-03-22-17h44m53-1-X3-768x512.jpg 768w, https:\/\/www.lagunino.cz\/wp-content\/uploads\/2024\/03\/2024-03-22-17h44m53-1-X3-1536x1024.jpg 1536w, https:\/\/www.lagunino.cz\/wp-content\/uploads\/2024\/03\/2024-03-22-17h44m53-1-X3.jpg 1600w\" sizes=\"auto, (max-width: 1024px) 100vw, 1024px\" \/><\/figure>\n\n\n\n<figure class=\"wp-block-image size-large\"><img loading=\"lazy\" decoding=\"async\" width=\"1024\" height=\"683\" data-id=\"24840\" src=\"https:\/\/www.lagunino.cz\/wp-content\/uploads\/2024\/03\/2024-03-22-16h47m57-X3-1024x683.jpg\" alt=\"\" class=\"wp-image-24840\" srcset=\"https:\/\/www.lagunino.cz\/wp-content\/uploads\/2024\/03\/2024-03-22-16h47m57-X3-1024x683.jpg 1024w, https:\/\/www.lagunino.cz\/wp-content\/uploads\/2024\/03\/2024-03-22-16h47m57-X3-300x200.jpg 300w, https:\/\/www.lagunino.cz\/wp-content\/uploads\/2024\/03\/2024-03-22-16h47m57-X3-768x512.jpg 768w, https:\/\/www.lagunino.cz\/wp-content\/uploads\/2024\/03\/2024-03-22-16h47m57-X3-1536x1024.jpg 1536w, https:\/\/www.lagunino.cz\/wp-content\/uploads\/2024\/03\/2024-03-22-16h47m57-X3.jpg 1600w\" sizes=\"auto, (max-width: 1024px) 100vw, 1024px\" \/><\/figure>\n<\/figure>\n\n\n\n<hr class=\"wp-block-separator has-alpha-channel-opacity\"\/>\n\n\n\n<p>V\u0161ichni z\u00e1vodn\u00edci si jarn\u00ed vodu u\u017eili a z\u00e1vod skv\u011ble zvl\u00e1dli. <\/p>\n\n\n\n<hr class=\"wp-block-separator has-alpha-channel-opacity is-style-wide\"\/>\n\n\n\n<p class=\"has-text-align-center has-large-font-size\">Galerii ze z\u00e1vodu naleznete <a href=\"https:\/\/romankotlin.smugmug.com\/Lagunino-z-s\/Z%C3%A1vody\/2024\/Velikono%C4%8Dn%C3%AD-z%C3%A1vod-22-3-2024\">zde<\/a><\/p>\n\n\n\n<hr class=\"wp-block-separator has-alpha-channel-opacity is-style-wide\"\/>\n\n\n\n<p class=\"has-larger-font-size\"><strong>V\u00fdsledkov\u00e1 listina<\/strong><\/p>\n\n\n\n<div class=\"wp-block-columns is-layout-flex wp-container-core-columns-is-layout-9d6595d7 wp-block-columns-is-layout-flex\">\n<div class=\"wp-block-column is-layout-flow wp-block-column-is-layout-flow\">\n<div class=\"wp-block-columns is-layout-flex wp-container-core-columns-is-layout-9d6595d7 wp-block-columns-is-layout-flex\">\n<div class=\"wp-block-column is-layout-flow wp-block-column-is-layout-flow\">\n<p><strong>Jm\u00e9no<\/strong><\/p>\n\n\n\n<p>Tom\u00e1\u0161<\/p>\n\n\n\n<p>Samuel<\/p>\n\n\n\n<p>Denis<\/p>\n\n\n\n<p>Tade\u00e1\u0161<\/p>\n\n\n\n<p>Albert<\/p>\n\n\n\n<p>Adam<\/p>\n\n\n\n<p>Erik<\/p>\n\n\n\n<p>Roman<\/p>\n\n\n\n<p>Vojt\u011bch<\/p>\n\n\n\n<p>Milu\u0161e<\/p>\n<\/div>\n\n\n\n<div class=\"wp-block-column is-layout-flow wp-block-column-is-layout-flow\">\n<p><strong>P\u0159\u00edjmen\u00ed<\/strong><\/p>\n\n\n\n<p>Kr\u00e1l<\/p>\n\n\n\n<p>Kysela<\/p>\n\n\n\n<p>Ma\u0161\u00edn<\/p>\n\n\n\n<p>Hora<\/p>\n\n\n\n<p>Kubes<\/p>\n\n\n\n<p>Jaru\u0161ek<\/p>\n\n\n\n<p>Ma\u0161\u00edn<\/p>\n\n\n\n<p>Kotl\u00edn<\/p>\n\n\n\n<p>\u0160ulc<\/p>\n\n\n\n<p>Ma\u0161\u00ednov\u00e1<\/p>\n<\/div>\n<\/div>\n<\/div>\n\n\n\n<div class=\"wp-block-column is-layout-flow wp-block-column-is-layout-flow\">\n<div class=\"wp-block-columns is-layout-flex wp-container-core-columns-is-layout-9d6595d7 wp-block-columns-is-layout-flex\">\n<div class=\"wp-block-column is-layout-flow wp-block-column-is-layout-flow\">\n<p><strong>Kategorie<\/strong><\/p>\n\n\n\n<p>Kids I<\/p>\n\n\n\n<p>Kids I<\/p>\n\n\n\n<p>Kids II<\/p>\n\n\n\n<p>Kids II<\/p>\n\n\n\n<p>Kids III<\/p>\n\n\n\n<p>Kids III<\/p>\n\n\n\n<p>Kids III<\/p>\n\n\n\n<p>Adults<\/p>\n\n\n\n<p>Adults<\/p>\n\n\n\n<p>Adults<\/p>\n<\/div>\n\n\n\n<div class=\"wp-block-column is-layout-flow wp-block-column-is-layout-flow\">\n<p><strong>\u010cas<\/strong><\/p>\n\n\n\n<p>0:05:54<\/p>\n\n\n\n<p>0:08:00<\/p>\n\n\n\n<p>0:04:11<\/p>\n\n\n\n<p>0:06:25<\/p>\n\n\n\n<p>0:04:31<\/p>\n\n\n\n<p>0:04:31<\/p>\n\n\n\n<p>0:05:39<\/p>\n\n\n\n<p>0:10:02<\/p>\n\n\n\n<p>0:10:27<\/p>\n\n\n\n<p>0:10:58<\/p>\n<\/div>\n\n\n\n<div class=\"wp-block-column is-layout-flow wp-block-column-is-layout-flow\">\n<p><strong>Po\u0159ad\u00ed<\/strong><\/p>\n\n\n\n<p class=\"has-luminous-vivid-amber-color has-text-color has-link-color wp-elements-f329d65a10100f9f6b1ed47bfa47cc06\">\ud83e\udd47<\/p>\n\n\n\n<p class=\"has-cyan-bluish-gray-color has-text-color has-link-color wp-elements-6db0c06cead0e05d03f881b827bca56a\">\ud83e\udd48<\/p>\n\n\n\n<p class=\"has-luminous-vivid-amber-color has-text-color has-link-color wp-elements-f329d65a10100f9f6b1ed47bfa47cc06\">\ud83e\udd47<\/p>\n\n\n\n<p class=\"has-cyan-bluish-gray-color has-text-color has-link-color wp-elements-6db0c06cead0e05d03f881b827bca56a\">\ud83e\udd48<\/p>\n\n\n\n<p class=\"has-luminous-vivid-amber-color has-text-color has-link-color wp-elements-ff527968c8fc9000e4eb734cf26d98f3\"><strong>\ud83e\udd47<\/strong><\/p>\n\n\n\n<p class=\"has-luminous-vivid-amber-color has-text-color has-link-color wp-elements-f329d65a10100f9f6b1ed47bfa47cc06\">\ud83e\udd47<\/p>\n\n\n\n<p class=\"has-cyan-bluish-gray-color has-text-color has-link-color wp-elements-6db0c06cead0e05d03f881b827bca56a\">\ud83e\udd48<\/p>\n\n\n\n<p class=\"has-luminous-vivid-amber-color has-text-color has-link-color wp-elements-f329d65a10100f9f6b1ed47bfa47cc06\">\ud83e\udd47<\/p>\n\n\n\n<p class=\"has-cyan-bluish-gray-color has-text-color has-link-color wp-elements-6db0c06cead0e05d03f881b827bca56a\">\ud83e\udd48<\/p>\n\n\n\n<p class=\"has-vivid-red-color has-text-color has-link-color wp-elements-014edb4d717ebf8f47a2d1cb18376bf5\">\ud83e\udd49<\/p>\n<\/div>\n<\/div>\n<\/div>\n<\/div>\n","protected":false},"excerpt":{"rendered":"<p>Velikono\u010dn\u00ed z\u00e1vod Otu\u017eil\u00fdch delf\u00edn\u016f 22. 3. 2024 V p\u00e1tek 22. 3. 2024 prob\u011bhl dal\u0161\u00ed z\u00e1vod odd\u00edlu Otu\u017eil\u00ed delf\u00edni. Na z\u00e1vodn\u00edky \u010dekala kr\u00e1tk\u00e1 tra\u0165 v tr\u00e9ninkov\u00e9m centru s 26ti p\u0159ek\u00e1\u017ekami, z nich\u017e 3 byly vodn\u00ed. Video ze z\u00e1vodu V kategorii Kids I pom\u011b\u0159ili s\u00edly dva z\u00e1vodn\u00edci a rychleji si s p\u0159ek\u00e1\u017ekami [&hellip;]<\/p>\n","protected":false},"author":1,"featured_media":0,"parent":0,"menu_order":0,"comment_status":"closed","ping_status":"closed","template":"","meta":{"footnotes":""},"class_list":["post-24360","page","type-page","status-publish","hentry"],"featured_image_src":null,"_links":{"self":[{"href":"https:\/\/www.lagunino.cz\/wp-json\/wp\/v2\/pages\/24360","targetHints":{"allow":["GET"]}}],"collection":[{"href":"https:\/\/www.lagunino.cz\/wp-json\/wp\/v2\/pages"}],"about":[{"href":"https:\/\/www.lagunino.cz\/wp-json\/wp\/v2\/types\/page"}],"author":[{"embeddable":true,"href":"https:\/\/www.lagunino.cz\/wp-json\/wp\/v2\/users\/1"}],"replies":[{"embeddable":true,"href":"https:\/\/www.lagunino.cz\/wp-json\/wp\/v2\/comments?post=24360"}],"version-history":[{"count":28,"href":"https:\/\/www.lagunino.cz\/wp-json\/wp\/v2\/pages\/24360\/revisions"}],"predecessor-version":[{"id":29112,"href":"https:\/\/www.lagunino.cz\/wp-json\/wp\/v2\/pages\/24360\/revisions\/29112"}],"wp:attachment":[{"href":"https:\/\/www.lagunino.cz\/wp-json\/wp\/v2\/media?parent=24360"}],"curies":[{"name":"wp","href":"https:\/\/api.w.org\/{rel}","templated":true}]}}