{"id":16915,"date":"2022-04-29T07:18:55","date_gmt":"2022-04-29T07:18:55","guid":{"rendered":"https:\/\/www.lagunino.cz\/?page_id=16915"},"modified":"2025-01-25T19:50:49","modified_gmt":"2025-01-25T19:50:49","slug":"den-deti-31-5-2022","status":"publish","type":"page","link":"https:\/\/www.lagunino.cz\/den-deti-31-5-2022\/","title":{"rendered":"Den d\u011bt\u00ed 31. 5. 2022"},"content":{"rendered":"\n<h2 class=\"wp-block-heading has-text-align-center has-huge-font-size\">Den d\u011bt\u00ed 31. 5. 2022<\/h2>\n\n\n\n<p class=\"has-text-align-center\" style=\"font-size:24px\">V \u00fater\u00fd odpoledne jsme uspo\u0159\u00e1dali pro d\u011bti den d\u011bt\u00ed s Laguninem. Pro d\u011bti jsme p\u0159ipravili program na n\u00e1plavce, kde m\u011bly mo\u017enost si vyzkou\u0161et resuscitaci a AED. D\u00e1le zde byla NERF st\u0159elnice a 10 stanovi\u0161\u0165 s hrami.<\/p>\n\n\n\n<figure class=\"wp-block-gallery has-nested-images columns-default is-cropped wp-block-gallery-1 is-layout-flex wp-block-gallery-is-layout-flex\">\n<figure class=\"wp-block-image size-large\"><img loading=\"lazy\" decoding=\"async\" width=\"1280\" height=\"853\" data-id=\"17618\" src=\"https:\/\/www.lagunino.cz\/wp-content\/uploads\/2022\/06\/2022-05-31-17h36m15-X2.jpg\" alt=\"\" class=\"wp-image-17618\" srcset=\"https:\/\/www.lagunino.cz\/wp-content\/uploads\/2022\/06\/2022-05-31-17h36m15-X2.jpg 1280w, https:\/\/www.lagunino.cz\/wp-content\/uploads\/2022\/06\/2022-05-31-17h36m15-X2-300x200.jpg 300w, https:\/\/www.lagunino.cz\/wp-content\/uploads\/2022\/06\/2022-05-31-17h36m15-X2-1024x682.jpg 1024w, https:\/\/www.lagunino.cz\/wp-content\/uploads\/2022\/06\/2022-05-31-17h36m15-X2-768x512.jpg 768w\" sizes=\"auto, (max-width: 1280px) 100vw, 1280px\" \/><\/figure>\n\n\n\n<figure class=\"wp-block-image size-large\"><img loading=\"lazy\" decoding=\"async\" width=\"1600\" height=\"900\" data-id=\"17621\" src=\"https:\/\/www.lagunino.cz\/wp-content\/uploads\/2022\/06\/IMG-20220531-WA0000-X3.jpg\" alt=\"\" class=\"wp-image-17621\" srcset=\"https:\/\/www.lagunino.cz\/wp-content\/uploads\/2022\/06\/IMG-20220531-WA0000-X3.jpg 1600w, https:\/\/www.lagunino.cz\/wp-content\/uploads\/2022\/06\/IMG-20220531-WA0000-X3-300x169.jpg 300w, https:\/\/www.lagunino.cz\/wp-content\/uploads\/2022\/06\/IMG-20220531-WA0000-X3-1024x576.jpg 1024w, https:\/\/www.lagunino.cz\/wp-content\/uploads\/2022\/06\/IMG-20220531-WA0000-X3-768x432.jpg 768w, https:\/\/www.lagunino.cz\/wp-content\/uploads\/2022\/06\/IMG-20220531-WA0000-X3-1536x864.jpg 1536w\" sizes=\"auto, (max-width: 1600px) 100vw, 1600px\" \/><\/figure>\n\n\n\n<figure class=\"wp-block-image size-large\"><img loading=\"lazy\" decoding=\"async\" width=\"1280\" height=\"960\" data-id=\"17622\" src=\"https:\/\/www.lagunino.cz\/wp-content\/uploads\/2022\/06\/IMG20220531165028-X2.jpg\" alt=\"\" class=\"wp-image-17622\" srcset=\"https:\/\/www.lagunino.cz\/wp-content\/uploads\/2022\/06\/IMG20220531165028-X2.jpg 1280w, https:\/\/www.lagunino.cz\/wp-content\/uploads\/2022\/06\/IMG20220531165028-X2-300x225.jpg 300w, https:\/\/www.lagunino.cz\/wp-content\/uploads\/2022\/06\/IMG20220531165028-X2-1024x768.jpg 1024w, https:\/\/www.lagunino.cz\/wp-content\/uploads\/2022\/06\/IMG20220531165028-X2-768x576.jpg 768w\" sizes=\"auto, (max-width: 1280px) 100vw, 1280px\" \/><\/figure>\n<\/figure>\n\n\n\n<hr class=\"wp-block-separator has-alpha-channel-opacity\"\/>\n\n\n\n<p>V na\u0161em tr\u00e9ninkov\u00e9m centrum m\u011bly d\u011bti mo\u017enost vyzkou\u0161et si na\u0161e p\u0159ek\u00e1\u017eky a od 17 hodin prob\u00edhal p\u0159ek\u00e1\u017ekov\u00fd z\u00e1vod. Celkem si zaz\u00e1vodilo 19 d\u011bt\u00ed. V kategorii Kids I (d\u011bti 7 &#8211; 11 let) zv\u00edt\u011bzil Adam Jaru\u0161ek, v kategorii Kids II (d\u011bti 12 &#8211; 14 let) S\u00e1ra Tatjana Kot\u00e1lov\u00e1.<\/p>\n\n\n\n<figure class=\"wp-block-gallery has-nested-images columns-default is-cropped wp-block-gallery-2 is-layout-flex wp-block-gallery-is-layout-flex\">\n<figure class=\"wp-block-image size-large\"><img loading=\"lazy\" decoding=\"async\" width=\"1280\" height=\"853\" data-id=\"17623\" src=\"https:\/\/www.lagunino.cz\/wp-content\/uploads\/2022\/06\/2022-05-31-18h42m23-2-X2.jpg\" alt=\"\" class=\"wp-image-17623\" srcset=\"https:\/\/www.lagunino.cz\/wp-content\/uploads\/2022\/06\/2022-05-31-18h42m23-2-X2.jpg 1280w, https:\/\/www.lagunino.cz\/wp-content\/uploads\/2022\/06\/2022-05-31-18h42m23-2-X2-300x200.jpg 300w, https:\/\/www.lagunino.cz\/wp-content\/uploads\/2022\/06\/2022-05-31-18h42m23-2-X2-1024x682.jpg 1024w, https:\/\/www.lagunino.cz\/wp-content\/uploads\/2022\/06\/2022-05-31-18h42m23-2-X2-768x512.jpg 768w\" sizes=\"auto, (max-width: 1280px) 100vw, 1280px\" \/><\/figure>\n\n\n\n<figure class=\"wp-block-image size-large\"><img loading=\"lazy\" decoding=\"async\" width=\"1280\" height=\"853\" data-id=\"17620\" src=\"https:\/\/www.lagunino.cz\/wp-content\/uploads\/2022\/06\/2022-05-31-18h49m45-X2.jpg\" alt=\"\" class=\"wp-image-17620\" srcset=\"https:\/\/www.lagunino.cz\/wp-content\/uploads\/2022\/06\/2022-05-31-18h49m45-X2.jpg 1280w, https:\/\/www.lagunino.cz\/wp-content\/uploads\/2022\/06\/2022-05-31-18h49m45-X2-300x200.jpg 300w, https:\/\/www.lagunino.cz\/wp-content\/uploads\/2022\/06\/2022-05-31-18h49m45-X2-1024x682.jpg 1024w, https:\/\/www.lagunino.cz\/wp-content\/uploads\/2022\/06\/2022-05-31-18h49m45-X2-768x512.jpg 768w\" sizes=\"auto, (max-width: 1280px) 100vw, 1280px\" \/><\/figure>\n\n\n\n<figure class=\"wp-block-image size-large\"><img loading=\"lazy\" decoding=\"async\" width=\"1280\" height=\"853\" data-id=\"17619\" src=\"https:\/\/www.lagunino.cz\/wp-content\/uploads\/2022\/06\/2022-05-31-18h19m27-X2.jpg\" alt=\"\" class=\"wp-image-17619\" srcset=\"https:\/\/www.lagunino.cz\/wp-content\/uploads\/2022\/06\/2022-05-31-18h19m27-X2.jpg 1280w, https:\/\/www.lagunino.cz\/wp-content\/uploads\/2022\/06\/2022-05-31-18h19m27-X2-300x200.jpg 300w, https:\/\/www.lagunino.cz\/wp-content\/uploads\/2022\/06\/2022-05-31-18h19m27-X2-1024x682.jpg 1024w, https:\/\/www.lagunino.cz\/wp-content\/uploads\/2022\/06\/2022-05-31-18h19m27-X2-768x512.jpg 768w\" sizes=\"auto, (max-width: 1280px) 100vw, 1280px\" \/><\/figure>\n\n\n\n<figure class=\"wp-block-image size-large\"><img loading=\"lazy\" decoding=\"async\" width=\"1280\" height=\"853\" data-id=\"17617\" src=\"https:\/\/www.lagunino.cz\/wp-content\/uploads\/2022\/06\/2022-05-31-17h22m26-1-X2.jpg\" alt=\"\" class=\"wp-image-17617\" srcset=\"https:\/\/www.lagunino.cz\/wp-content\/uploads\/2022\/06\/2022-05-31-17h22m26-1-X2.jpg 1280w, https:\/\/www.lagunino.cz\/wp-content\/uploads\/2022\/06\/2022-05-31-17h22m26-1-X2-300x200.jpg 300w, https:\/\/www.lagunino.cz\/wp-content\/uploads\/2022\/06\/2022-05-31-17h22m26-1-X2-1024x682.jpg 1024w, https:\/\/www.lagunino.cz\/wp-content\/uploads\/2022\/06\/2022-05-31-17h22m26-1-X2-768x512.jpg 768w\" sizes=\"auto, (max-width: 1280px) 100vw, 1280px\" \/><\/figure>\n\n\n\n<figure class=\"wp-block-image size-large\"><img loading=\"lazy\" decoding=\"async\" width=\"1280\" height=\"853\" data-id=\"17616\" src=\"https:\/\/www.lagunino.cz\/wp-content\/uploads\/2022\/06\/2022-05-31-17h17m30-1-X2.jpg\" alt=\"\" class=\"wp-image-17616\" srcset=\"https:\/\/www.lagunino.cz\/wp-content\/uploads\/2022\/06\/2022-05-31-17h17m30-1-X2.jpg 1280w, https:\/\/www.lagunino.cz\/wp-content\/uploads\/2022\/06\/2022-05-31-17h17m30-1-X2-300x200.jpg 300w, https:\/\/www.lagunino.cz\/wp-content\/uploads\/2022\/06\/2022-05-31-17h17m30-1-X2-1024x682.jpg 1024w, https:\/\/www.lagunino.cz\/wp-content\/uploads\/2022\/06\/2022-05-31-17h17m30-1-X2-768x512.jpg 768w\" sizes=\"auto, (max-width: 1280px) 100vw, 1280px\" \/><\/figure>\n\n\n\n<figure class=\"wp-block-image size-large\"><img loading=\"lazy\" decoding=\"async\" width=\"1279\" height=\"853\" data-id=\"17615\" src=\"https:\/\/www.lagunino.cz\/wp-content\/uploads\/2022\/06\/2022-05-31-17h09m54-X2.jpg\" alt=\"\" class=\"wp-image-17615\" srcset=\"https:\/\/www.lagunino.cz\/wp-content\/uploads\/2022\/06\/2022-05-31-17h09m54-X2.jpg 1279w, https:\/\/www.lagunino.cz\/wp-content\/uploads\/2022\/06\/2022-05-31-17h09m54-X2-300x200.jpg 300w, https:\/\/www.lagunino.cz\/wp-content\/uploads\/2022\/06\/2022-05-31-17h09m54-X2-1024x683.jpg 1024w, https:\/\/www.lagunino.cz\/wp-content\/uploads\/2022\/06\/2022-05-31-17h09m54-X2-768x512.jpg 768w\" sizes=\"auto, (max-width: 1279px) 100vw, 1279px\" \/><\/figure>\n<\/figure>\n\n\n\n<hr class=\"wp-block-separator has-alpha-channel-opacity\"\/>\n\n\n\n<p>Nakonec jsme op\u00e9kali bu\u0159ty, pekly trdeln\u00edky a den d\u011bt\u00ed se skv\u011ble vyda\u0159il.<\/p>\n\n\n\n<hr class=\"wp-block-separator has-alpha-channel-opacity is-style-wide\"\/>\n\n\n\n<p class=\"has-text-align-center has-larger-font-size\">Galerii ze dne d\u011bt\u00ed naleznete <a href=\"https:\/\/romankotlin.smugmug.com\/Lagunino-akce-pro-verejnost\/Den-d%C4%9Bt%C3%AD-31-5-2022\/\">zde<\/a><\/p>\n\n\n\n<hr class=\"wp-block-separator has-alpha-channel-opacity is-style-wide\"\/>\n\n\n\n<p class=\"has-larger-font-size\"><strong>V\u00fdsledky Mini OCR z\u00e1vodu<\/strong><\/p>\n\n\n\n<div class=\"wp-block-columns is-layout-flex wp-container-core-columns-is-layout-9d6595d7 wp-block-columns-is-layout-flex\">\n<div class=\"wp-block-column is-layout-flow wp-block-column-is-layout-flow\">\n<div class=\"wp-block-columns is-layout-flex wp-container-core-columns-is-layout-9d6595d7 wp-block-columns-is-layout-flex\">\n<div class=\"wp-block-column is-layout-flow wp-block-column-is-layout-flow\">\n<p><strong>Jm\u00e9no<\/strong><\/p>\n\n\n\n<p>Adam Jaru\u0161ek<\/p>\n\n\n\n<p>Albert Kubes<\/p>\n\n\n\n<p>Dominik Sk\u00e1la<\/p>\n\n\n\n<p>\u0160imon Hrachovec<\/p>\n\n\n\n<p>Vr\u00e1\u0165a Tahal<\/p>\n\n\n\n<p>Nela Jaru\u0161kov\u00e1<\/p>\n\n\n\n<p>\u0160arlota \u010cernohubov\u00e1<\/p>\n\n\n\n<p>Klaudie Janovsk\u00e1<\/p>\n\n\n\n<p>Pavl\u00edna Tahalov\u00e1<\/p>\n\n\n\n<p>Luk\u00e1\u0161 \u010cmel\u00edk<\/p>\n\n\n\n<p>Richard Mal\u00fd<\/p>\n\n\n\n<p>Tereza Bohat\u00e1<\/p>\n\n\n\n<p>Vl\u00e1\u010fa Trejkl<\/p>\n\n\n\n<p>Tom\u00e1\u0161 Anto\u0161<\/p>\n\n\n\n<p>S\u00e1ra Tatjana Kot\u00e1lov\u00e1<\/p>\n\n\n\n<p>Erik Janovsk\u00fd<\/p>\n\n\n\n<p>Eli\u0161ka Kubesov\u00e1<\/p>\n\n\n\n<p>Kate\u0159ina \u010cmel\u00edkov\u00e1<\/p>\n\n\n\n<p>Nat\u00e1lie \u010cernohubov\u00e1<\/p>\n<\/div>\n\n\n\n<div class=\"wp-block-column is-layout-flow wp-block-column-is-layout-flow\">\n<p><strong>Kategorie<\/strong><\/p>\n\n\n\n<p>Kids I<\/p>\n\n\n\n<p>Kids I<\/p>\n\n\n\n<p>Kids I<\/p>\n\n\n\n<p>Kids I<\/p>\n\n\n\n<p>Kids I<\/p>\n\n\n\n<p>Kids I<\/p>\n\n\n\n<p>Kids I<\/p>\n\n\n\n<p>Kids I<\/p>\n\n\n\n<p>Kids I<\/p>\n\n\n\n<p>Kids I<\/p>\n\n\n\n<p>Kids I<\/p>\n\n\n\n<p>Kids I<\/p>\n\n\n\n<p>Kids I<\/p>\n\n\n\n<p>Kids I<\/p>\n\n\n\n<p>Kids II<\/p>\n\n\n\n<p>Kids II<\/p>\n\n\n\n<p>Kids II<\/p>\n\n\n\n<p>Kids II<\/p>\n\n\n\n<p>Kids II<\/p>\n\n\n\n<p><\/p>\n<\/div>\n<\/div>\n<\/div>\n\n\n\n<div class=\"wp-block-column is-layout-flow wp-block-column-is-layout-flow\">\n<div class=\"wp-block-columns is-layout-flex wp-container-core-columns-is-layout-9d6595d7 wp-block-columns-is-layout-flex\">\n<div class=\"wp-block-column is-layout-flow wp-block-column-is-layout-flow\">\n<p><strong>\u010cas<\/strong><\/p>\n\n\n\n<p>0:02:55<\/p>\n\n\n\n<p>0:03:14<\/p>\n\n\n\n<p>0:03:35<\/p>\n\n\n\n<p>0:03:41<\/p>\n\n\n\n<p>0:04:26<\/p>\n\n\n\n<p>0:05:16<\/p>\n\n\n\n<p>0:05:50<\/p>\n\n\n\n<p>0:06:02<\/p>\n\n\n\n<p>0:06:45<\/p>\n\n\n\n<p>0:07:21<\/p>\n\n\n\n<p>0:07:32<\/p>\n\n\n\n<p>0:08:01<\/p>\n\n\n\n<p>0:08:09<\/p>\n\n\n\n<p>0:09:21<\/p>\n\n\n\n<p>0:03:04<\/p>\n\n\n\n<p>0:05:09<\/p>\n\n\n\n<p>0:05:21<\/p>\n\n\n\n<p>0:05:47<\/p>\n\n\n\n<p>0:06:04<\/p>\n<\/div>\n\n\n\n<div class=\"wp-block-column is-layout-flow wp-block-column-is-layout-flow\">\n<p><strong>Po\u0159ad\u00ed<\/strong><\/p>\n\n\n\n<p class=\"has-luminous-vivid-amber-color has-text-color\"><strong>1.<\/strong><\/p>\n\n\n\n<p class=\"has-cyan-bluish-gray-color has-text-color\"><strong>2.<\/strong><\/p>\n\n\n\n<p class=\"has-luminous-vivid-orange-color has-text-color\"><strong>3.<\/strong><\/p>\n\n\n\n<p>4.<\/p>\n\n\n\n<p>5.<\/p>\n\n\n\n<p>6.<\/p>\n\n\n\n<p>7.<\/p>\n\n\n\n<p>8.<\/p>\n\n\n\n<p>9.<\/p>\n\n\n\n<p>10.<\/p>\n\n\n\n<p>11.<\/p>\n\n\n\n<p>12.<\/p>\n\n\n\n<p>13.<\/p>\n\n\n\n<p>14.<\/p>\n\n\n\n<p class=\"has-luminous-vivid-amber-color has-text-color\"><strong>1.<\/strong><\/p>\n\n\n\n<p class=\"has-cyan-bluish-gray-color has-text-color\"><strong>2.<\/strong><\/p>\n\n\n\n<p class=\"has-luminous-vivid-orange-color has-text-color\"><strong>3.<\/strong><\/p>\n\n\n\n<p>4.<\/p>\n\n\n\n<p>5.<\/p>\n\n\n\n<p><\/p>\n<\/div>\n<\/div>\n<\/div>\n<\/div>\n","protected":false},"excerpt":{"rendered":"<p>Den d\u011bt\u00ed 31. 5. 2022 V \u00fater\u00fd odpoledne jsme uspo\u0159\u00e1dali pro d\u011bti den d\u011bt\u00ed s Laguninem. Pro d\u011bti jsme p\u0159ipravili program na n\u00e1plavce, kde m\u011bly mo\u017enost si vyzkou\u0161et resuscitaci a AED. D\u00e1le zde byla NERF st\u0159elnice a 10 stanovi\u0161\u0165 s hrami. V na\u0161em tr\u00e9ninkov\u00e9m centrum m\u011bly d\u011bti mo\u017enost vyzkou\u0161et si [&hellip;]<\/p>\n","protected":false},"author":1,"featured_media":0,"parent":0,"menu_order":0,"comment_status":"closed","ping_status":"closed","template":"","meta":{"footnotes":""},"class_list":["post-16915","page","type-page","status-publish","hentry"],"featured_image_src":null,"_links":{"self":[{"href":"https:\/\/www.lagunino.cz\/wp-json\/wp\/v2\/pages\/16915","targetHints":{"allow":["GET"]}}],"collection":[{"href":"https:\/\/www.lagunino.cz\/wp-json\/wp\/v2\/pages"}],"about":[{"href":"https:\/\/www.lagunino.cz\/wp-json\/wp\/v2\/types\/page"}],"author":[{"embeddable":true,"href":"https:\/\/www.lagunino.cz\/wp-json\/wp\/v2\/users\/1"}],"replies":[{"embeddable":true,"href":"https:\/\/www.lagunino.cz\/wp-json\/wp\/v2\/comments?post=16915"}],"version-history":[{"count":6,"href":"https:\/\/www.lagunino.cz\/wp-json\/wp\/v2\/pages\/16915\/revisions"}],"predecessor-version":[{"id":28943,"href":"https:\/\/www.lagunino.cz\/wp-json\/wp\/v2\/pages\/16915\/revisions\/28943"}],"wp:attachment":[{"href":"https:\/\/www.lagunino.cz\/wp-json\/wp\/v2\/media?parent=16915"}],"curies":[{"name":"wp","href":"https:\/\/api.w.org\/{rel}","templated":true}]}}