{"id":160,"date":"2018-10-03T09:43:55","date_gmt":"2018-10-03T09:43:55","guid":{"rendered":"http:\/\/www.lagunino.cz\/?page_id=160"},"modified":"2025-01-25T20:08:45","modified_gmt":"2025-01-25T20:08:45","slug":"kontakt","status":"publish","type":"page","link":"https:\/\/www.lagunino.cz\/kontakt\/","title":{"rendered":"Kontakt"},"content":{"rendered":"\n<h2 class=\"wp-block-heading has-text-align-center has-huge-font-size\">Kontakt<\/h2>\n\n\n<h2 class=\"contact__base__title underline underline--left underline--red\"><strong>S\u00eddlo a faktura\u010dn\u00ed adresa<\/strong><\/h2>\n<div class=\"row\">\n<div class=\"col--sm--6\">\n<div class=\"contact__base__content\">\n<p><strong>Lagunino, z. s.<\/strong><br \/>Velvarsk\u00e1 157<br \/>273 26 Olovnice<\/p>\n<p>I\u010c: <strong>07501935<\/strong><\/p>\n<p>Adresa datov\u00e9 schr\u00e1nky: <strong>zvbned9<\/strong><\/p>\n<p>Bankovn\u00ed spojen\u00ed: RaiffeisenBank a.s., \u010d\u00edslo \u00fa\u010dtu: <strong>1027473785\/5500<\/strong><\/p>\n<p>Kontaktn\u00ed e-mail: <strong>info@lagunino.cz<\/strong><\/p>\n<p>Lagunino je zapsan\u00fdm spolkem, zapsan\u00fdm ve spolkov\u00e9m rejst\u0159\u00edku u M\u011bstsk\u00e9ho soudu v Praze pod spisovou zna\u010dkou L 70932.<\/p>\n<hr \/>\n<h2 class=\"contact__base__title underline underline--left underline--red\"><strong>Tr\u00e9ninkov\u00e9 centrum\u00a0<\/strong><\/h2>\n<p><img loading=\"lazy\" decoding=\"async\" class=\"alignnone size-medium wp-image-28680\" src=\"https:\/\/www.lagunino.cz\/wp-content\/uploads\/2025\/01\/DSC_0019-Velke-300x169.jpg\" alt=\"\" width=\"300\" height=\"169\" srcset=\"https:\/\/www.lagunino.cz\/wp-content\/uploads\/2025\/01\/DSC_0019-Velke-300x169.jpg 300w, https:\/\/www.lagunino.cz\/wp-content\/uploads\/2025\/01\/DSC_0019-Velke-1024x576.jpg 1024w, https:\/\/www.lagunino.cz\/wp-content\/uploads\/2025\/01\/DSC_0019-Velke-768x432.jpg 768w, https:\/\/www.lagunino.cz\/wp-content\/uploads\/2025\/01\/DSC_0019-Velke-1536x864.jpg 1536w, https:\/\/www.lagunino.cz\/wp-content\/uploads\/2025\/01\/DSC_0019-Velke.jpg 1920w\" sizes=\"auto, (max-width: 300px) 100vw, 300px\" \/><img loading=\"lazy\" decoding=\"async\" class=\"alignnone size-medium wp-image-28682\" src=\"https:\/\/www.lagunino.cz\/wp-content\/uploads\/2025\/01\/2024-11-06-16h19m14-Velke-300x169.jpg\" alt=\"\" width=\"300\" height=\"169\" srcset=\"https:\/\/www.lagunino.cz\/wp-content\/uploads\/2025\/01\/2024-11-06-16h19m14-Velke-300x169.jpg 300w, https:\/\/www.lagunino.cz\/wp-content\/uploads\/2025\/01\/2024-11-06-16h19m14-Velke-1024x576.jpg 1024w, https:\/\/www.lagunino.cz\/wp-content\/uploads\/2025\/01\/2024-11-06-16h19m14-Velke-768x432.jpg 768w, https:\/\/www.lagunino.cz\/wp-content\/uploads\/2025\/01\/2024-11-06-16h19m14-Velke-1536x864.jpg 1536w, https:\/\/www.lagunino.cz\/wp-content\/uploads\/2025\/01\/2024-11-06-16h19m14-Velke.jpg 1920w\" sizes=\"auto, (max-width: 300px) 100vw, 300px\" \/><\/p>\n<p class=\"contact__base__title underline underline--left underline--red\">Vltavsk\u00e1 751<br \/>252 66 Lib\u010dice nad Vltavou<strong><a href=\"https:\/\/www.google.cz\/maps\/place\/Vltavsk%C3%A1+751,+252+66+Lib%C4%8Dice+nad+Vltavou\/@50.2010174,14.3611485,322m\/data=!3m2!1e3!4b1!4m5!3m4!1s0x470bc1890baeb8af:0x9b4402b0646f019e!8m2!3d50.2010174!4d14.3626231?hl=cs\"><br \/><img loading=\"lazy\" decoding=\"async\" class=\"alignleft wp-image-251 size-full\" src=\"https:\/\/www.lagunino.cz\/wp-content\/uploads\/2018\/10\/klubovna-google.jpg\" alt=\"\" width=\"524\" height=\"370\" srcset=\"https:\/\/www.lagunino.cz\/wp-content\/uploads\/2018\/10\/klubovna-google.jpg 524w, https:\/\/www.lagunino.cz\/wp-content\/uploads\/2018\/10\/klubovna-google-300x212.jpg 300w\" sizes=\"auto, (max-width: 524px) 100vw, 524px\" \/><\/a><\/strong><\/p>\n<\/div>\n<h2>\u00a0<\/h2>\n<hr \/>\n<h2><strong>Veden\u00ed spolku<\/strong><\/h2>\n<p>Statut\u00e1rn\u00ed z\u00e1stupci spolku:<\/p>\n<p><strong>Roman Kotl\u00edn<\/strong>\u00a0 \u00a0 \u00a0 \u00a0 \u00a0roman@lagunino.cz<\/p>\n<p><strong>Martin Klajbl\u00a0<\/strong> \u00a0 \u00a0 \u00a0 \u00a0 martin@lagunino.cz<\/p>\n<p><strong>Ond\u0159ej Abel\u00a0<\/strong> \u00a0 \u00a0 \u00a0 \u00a0 \u00a0dobrovolnici@laguninoocrrace.cz<\/p>\n<h2><strong>Fundrising<\/strong><\/h2>\n<p><strong>Tereza Abelov\u00e1<\/strong>\u00a0 \u00a0 \u00a0terka@lagunino.cz<\/p>\n<\/div>\n<\/div>","protected":false},"excerpt":{"rendered":"<p>Kontakt S\u00eddlo a faktura\u010dn\u00ed adresa Lagunino, z. s.Velvarsk\u00e1 157273 26 Olovnice I\u010c: 07501935 Adresa datov\u00e9 schr\u00e1nky: zvbned9 Bankovn\u00ed spojen\u00ed: RaiffeisenBank a.s., \u010d\u00edslo \u00fa\u010dtu: 1027473785\/5500 Kontaktn\u00ed e-mail: info@lagunino.cz Lagunino je zapsan\u00fdm spolkem, zapsan\u00fdm ve spolkov\u00e9m rejst\u0159\u00edku u M\u011bstsk\u00e9ho soudu v Praze pod spisovou zna\u010dkou L 70932. Tr\u00e9ninkov\u00e9 centrum\u00a0 Vltavsk\u00e1 751252 66 [&hellip;]<\/p>\n","protected":false},"author":1,"featured_media":0,"parent":0,"menu_order":0,"comment_status":"closed","ping_status":"closed","template":"","meta":{"footnotes":""},"class_list":["post-160","page","type-page","status-publish","hentry"],"featured_image_src":null,"_links":{"self":[{"href":"https:\/\/www.lagunino.cz\/wp-json\/wp\/v2\/pages\/160","targetHints":{"allow":["GET"]}}],"collection":[{"href":"https:\/\/www.lagunino.cz\/wp-json\/wp\/v2\/pages"}],"about":[{"href":"https:\/\/www.lagunino.cz\/wp-json\/wp\/v2\/types\/page"}],"author":[{"embeddable":true,"href":"https:\/\/www.lagunino.cz\/wp-json\/wp\/v2\/users\/1"}],"replies":[{"embeddable":true,"href":"https:\/\/www.lagunino.cz\/wp-json\/wp\/v2\/comments?post=160"}],"version-history":[{"count":20,"href":"https:\/\/www.lagunino.cz\/wp-json\/wp\/v2\/pages\/160\/revisions"}],"predecessor-version":[{"id":28974,"href":"https:\/\/www.lagunino.cz\/wp-json\/wp\/v2\/pages\/160\/revisions\/28974"}],"wp:attachment":[{"href":"https:\/\/www.lagunino.cz\/wp-json\/wp\/v2\/media?parent=160"}],"curies":[{"name":"wp","href":"https:\/\/api.w.org\/{rel}","templated":true}]}}