{"id":159,"date":"2018-10-03T09:43:55","date_gmt":"2018-10-03T09:43:55","guid":{"rendered":"http:\/\/www.lagunino.cz\/?page_id=159"},"modified":"2026-04-27T06:22:50","modified_gmt":"2026-04-27T06:22:50","slug":"nasi-vedouci","status":"publish","type":"page","link":"https:\/\/www.lagunino.cz\/nasi-vedouci\/","title":{"rendered":"Na\u0161i vedouc\u00ed"},"content":{"rendered":"\n<h2 class=\"wp-block-heading has-text-align-center has-huge-font-size\">Na\u0161i vedouc\u00ed<\/h2>\n\n\n\n<p class=\"has-huge-font-size\"><strong>Roman (Koala)<\/strong><\/p>\n\n\n\n<figure class=\"wp-block-image size-large is-resized is-style-rounded\"><img loading=\"lazy\" decoding=\"async\" width=\"855\" height=\"1024\" src=\"https:\/\/www.lagunino.cz\/wp-content\/uploads\/2026\/02\/Roman-Velke-e1771244083117-855x1024.jpg\" alt=\"\" class=\"wp-image-34684\" style=\"width:450px\" srcset=\"https:\/\/www.lagunino.cz\/wp-content\/uploads\/2026\/02\/Roman-Velke-e1771244083117-855x1024.jpg 855w, https:\/\/www.lagunino.cz\/wp-content\/uploads\/2026\/02\/Roman-Velke-e1771244083117-251x300.jpg 251w, https:\/\/www.lagunino.cz\/wp-content\/uploads\/2026\/02\/Roman-Velke-e1771244083117-768x920.jpg 768w, https:\/\/www.lagunino.cz\/wp-content\/uploads\/2026\/02\/Roman-Velke-e1771244083117-500x599.jpg 500w, https:\/\/www.lagunino.cz\/wp-content\/uploads\/2026\/02\/Roman-Velke-e1771244083117-800x958.jpg 800w, https:\/\/www.lagunino.cz\/wp-content\/uploads\/2026\/02\/Roman-Velke-e1771244083117.jpg 902w\" sizes=\"auto, (max-width: 855px) 100vw, 855px\" \/><\/figure>\n\n\n\n<p>\u010clen V\u00fdboru spolku &#8211; statut\u00e1rn\u00ed z\u00e1stupce Spolku<\/p>\n\n\n\n<p>Hlavn\u00ed tren\u00e9r OCR a Ninja Lagunino OCR Teamu d\u011bt\u00ed<\/p>\n\n\n\n<p>Hlavn\u00ed vedouc\u00ed klubu Lagunino OCR Team<\/p>\n\n\n\n<p>\u0158editel z\u00e1vod\u016f Lagunino OCR Race<\/p>\n\n\n\n<p>\u0158editel z\u00e1vod\u016f Lagunino Ninja Games<\/p>\n\n\n\n<p>Odd\u00edlov\u00fd vedouc\u00ed a tren\u00e9r, vedouc\u00ed na v\u00fdletech, v\u00fdprav\u00e1ch, akc\u00edch a t\u00e1borech, zdravotn\u00edk<\/p>\n\n\n\n<p>\u00da\u010detn\u00ed Spolku<\/p>\n\n\n\n<p><strong>Vzd\u011bl\u00e1n\u00ed:<\/strong><\/p>\n\n\n\n<p>doc. &#8211; obor biochemie<\/p>\n\n\n\n<p>Mgr. &#8211; obor pedagogika voln\u00e9ho \u010dasu<\/p>\n\n\n\n<p>Ing. &#8211; obor biochemie<\/p>\n\n\n\n<p>Bc. &#8211; obor specializace v pedagogice<\/p>\n\n\n\n<p>Ph.D. &#8211; obor biochemie<\/p>\n\n\n\n<p>MHA &#8211; obor zdravotnick\u00fd management<\/p>\n\n\n\n<p><strong>Kurzy, kvalifikace<\/strong>:<\/p>\n\n\n\n<p>Rekondi\u010dn\u00ed a sportovn\u00ed mas\u00e9r (akreditace M\u0160MT 11935\/2022-2)<\/p>\n\n\n\n<p>Hlavn\u00ed vedouc\u00ed t\u00e1bor\u016f pro d\u011bti a ml\u00e1de\u017e (akreditace M\u0160MT 11869\/2005-51\/03022)<\/p>\n\n\n\n<p>Zdravotn\u00edk zotavovac\u00edch akc\u00ed (akreditace M\u0160MT-10993\/2016-1-409)<\/p>\n\n\n\n<p>Instruktor lezen\u00ed na horolezeck\u00fdch st\u011bn\u00e1ch (akreditace M\u0160MT 12551\/2008-25-271)<\/p>\n\n\n\n<p>Kurz vodn\u00ed z\u00e1chrany (osv\u011bd\u010den\u00ed Vodn\u00ed z\u00e1chrann\u00e9 slu\u017eby Brno-m\u011bsto \u010d. BM-ZM-0144)<\/p>\n\n\n\n<p>Instruktor n\u00edzk\u00fdch lanov\u00fdch p\u0159ek\u00e1\u017eek (akreditace M\u0160MT 38609\/2014-1-966)<\/p>\n\n\n\n<p>Instruktor cykloturistiky (akreditace M\u0160MT 9000\/2012-25)<\/p>\n\n\n\n<p>Instruktor turistiky (akreditace M\u0160MT 9000\/2012-25)<\/p>\n\n\n\n<p>Instruktor vodn\u00ed turistiky (akreditace M\u0160MT 9000\/2012-25)<\/p>\n\n\n\n<p>Instruktor pobytu a her v p\u0159\u00edrod\u011b (akreditace M\u0160MT 9000\/2012-25)<\/p>\n\n\n\n<p>Kurz z\u00e1chrany z nebezpe\u010dn\u00e9ho jezu (akreditace M\u0160MT 15074\/2014-1)<\/p>\n\n\n\n<p>Instruktor fitness (akreditace M\u0160MT 7556\/2021-6-201)<\/p>\n\n\n\n<p>Instruktor \u0161koln\u00edho fitness (akreditace M\u0160MT 7556\/2021-6-201)<\/p>\n\n\n\n<p>Kurz Modern\u00ed v\u00fd\u017eiva sportuj\u00edc\u00edch d\u011bt\u00ed (Institut Modern\u00ed V\u00fd\u017eivy)<\/p>\n\n\n\n<p>Kurz Silov\u00e1 p\u0159\u00edprava d\u011bt\u00ed a ml\u00e1de\u017ee (Athletic Training Academy)<\/p>\n\n\n\n<p>Kurz fotografov\u00e1n\u00ed DSLR<\/p>\n\n\n\n<p>\u010clen spr\u00e1vn\u00ed rady Nada\u010dn\u00edho fondu Umbilicus<\/p>\n\n\n\n<p>\u010clen Mensy \u010cR<\/p>\n\n\n\n<p>\u010clen American Society of Haematology<\/p>\n\n\n\n<p>\u010clen \u010cesk\u00e9 l\u00e9ka\u0159sk\u00e9 spole\u010dnosti J. E. Purkyn\u011b<\/p>\n\n\n\n<p>\u010clen \u010cesk\u00e9 spole\u010dnosti chemick\u00e9<\/p>\n\n\n\n<p>\u010clen \u010cesk\u00e9 asociace p\u0159ek\u00e1\u017ekov\u00fdch sport\u016f, z.s.<\/p>\n\n\n\n<p>\u010clen Czech Ninja &amp; Obstacle Federation, z.s.<\/p>\n\n\n\n<p><strong>Jazykov\u00e9 dovednosti<\/strong>:<\/p>\n\n\n\n<p>Anglick\u00fd jazyk \u2013 zkou\u0161ka ESOL International (Communicator B2)<\/p>\n\n\n\n<p>Francouzsk\u00fd jazyk<\/p>\n\n\n\n<p>Slovensk\u00fd jazyk<\/p>\n\n\n\n<p><strong>Civiln\u00ed zam\u011bstn\u00e1n\u00ed:<\/strong><\/p>\n\n\n\n<p>zdravotnick\u00fd a v\u00fdzkumn\u00fd pracovn\u00edk, vysoko\u0161kolsk\u00fd pedagog<\/p>\n\n\n\n<p><strong>Kon\u00ed\u010dky:<\/strong><\/p>\n\n\n\n<p>cestov\u00e1n\u00ed, turistika, OCR a ninja z\u00e1vody, volejbal, plav\u00e1n\u00ed, fotografov\u00e1n\u00ed, pr\u00e1ce s videem<\/p>\n\n\n\n<p><strong>Vedouc\u00ed odd\u00edl\u016f:<\/strong><\/p>\n\n\n\n<p>Obstacle killer, Sportovn\u00ed odd\u00edl, Otu\u017eil\u00ed delf\u00edni, Siln\u00ed delf\u00edni, Rychl\u00ed delf\u00edni, Ninja Kids<\/p>\n\n\n\n<p><strong>Kontakt:<\/strong><\/p>\n\n\n\n<p><strong>E-mail<\/strong>: roman@lagunino.cz<\/p>\n\n\n\n<p><strong>Telefon<\/strong>: 605 757 026<\/p>\n\n\n\n<p class=\"has-huge-font-size\"><strong>Ondra (K\u0159upka)<\/strong><\/p>\n\n\n\n<figure class=\"wp-block-image size-large is-resized is-style-rounded\"><img loading=\"lazy\" decoding=\"async\" width=\"846\" height=\"1024\" src=\"https:\/\/www.lagunino.cz\/wp-content\/uploads\/2018\/10\/2018-06-18-13h58m07-e1539633466496-846x1024.jpg\" alt=\"\" class=\"wp-image-816\" style=\"width:450px\" srcset=\"https:\/\/www.lagunino.cz\/wp-content\/uploads\/2018\/10\/2018-06-18-13h58m07-e1539633466496-846x1024.jpg 846w, https:\/\/www.lagunino.cz\/wp-content\/uploads\/2018\/10\/2018-06-18-13h58m07-e1539633466496-248x300.jpg 248w, https:\/\/www.lagunino.cz\/wp-content\/uploads\/2018\/10\/2018-06-18-13h58m07-e1539633466496-768x929.jpg 768w\" sizes=\"auto, (max-width: 846px) 100vw, 846px\" \/><\/figure>\n\n\n\n<p>\u010clen V\u00fdboru spolku &#8211; statut\u00e1rn\u00ed z\u00e1stupce Spolku<\/p>\n\n\n\n<p>Odd\u00edlov\u00fd vedouc\u00ed, vedouc\u00ed na v\u00fdletech, v\u00fdprav\u00e1ch, akc\u00edch a t\u00e1borech<\/p>\n\n\n\n<p>Hlavn\u00ed tren\u00e9r OCR dosp\u011bl\u00fdch a junior\u016f<\/p>\n\n\n\n<p>Z\u00e1stupce \u0159editele z\u00e1vod\u016f Lagunino OCR Race, koordin\u00e1tor dobrovoln\u00edk\u016f<\/p>\n\n\n\n<p>Z\u00e1stupce \u0159editele klubu Lagunino OCR Team<\/p>\n\n\n\n<p><strong>Vzd\u011bl\u00e1n\u00ed:<\/strong><\/p>\n\n\n\n<p>st\u0159edn\u00ed odborn\u00e9 u\u010dili\u0161t\u011b &#8211; obor oprav\u00e1\u0159 zem\u011bd\u011blsk\u00fdch stroj\u016f<\/p>\n\n\n\n<p><strong>Kurzy, kvalifikace:<\/strong><\/p>\n\n\n\n<p>Instruktor z\u00e1kladn\u00edho ly\u017eov\u00e1n\u00ed (M\u0160MT)<\/p>\n\n\n\n<p><strong>Civiln\u00ed zam\u011bstn\u00e1n\u00ed:<\/strong><\/p>\n\n\n\n<p>\u0159idi\u010d z povol\u00e1n\u00ed<\/p>\n\n\n\n<p><strong>Kon\u00ed\u010dky:<\/strong><\/p>\n\n\n\n<p>turistika, cykloturistika, auta, letadla<\/p>\n\n\n\n<p><strong>Vedouc\u00ed odd\u00edl\u016f:<\/strong><\/p>\n\n\n\n<p>Obstacle killer jr. a Adults<\/p>\n\n\n\n<p><strong>Kontakt:<\/strong><\/p>\n\n\n\n<p><strong>E-mail<\/strong>: dobrovolnici@laguninoocrrace.cz<\/p>\n\n\n\n<p><strong>Telefon<\/strong>: 737 147 561<\/p>\n\n\n\n<p class=\"has-huge-font-size\"><strong>Jana (Veverka)<\/strong><\/p>\n\n\n\n<figure class=\"wp-block-image size-large is-resized is-style-rounded\"><img loading=\"lazy\" decoding=\"async\" width=\"1021\" height=\"1024\" src=\"https:\/\/www.lagunino.cz\/wp-content\/uploads\/2021\/10\/Jana-1021x1024.jpg\" alt=\"\" class=\"wp-image-14091\" style=\"aspect-ratio:0.9970816053364931;width:450px\" srcset=\"https:\/\/www.lagunino.cz\/wp-content\/uploads\/2021\/10\/Jana-1021x1024.jpg 1021w, https:\/\/www.lagunino.cz\/wp-content\/uploads\/2021\/10\/Jana-150x150.jpg 150w, https:\/\/www.lagunino.cz\/wp-content\/uploads\/2021\/10\/Jana-300x300.jpg 300w, https:\/\/www.lagunino.cz\/wp-content\/uploads\/2021\/10\/Jana-768x771.jpg 768w, https:\/\/www.lagunino.cz\/wp-content\/uploads\/2021\/10\/Jana.jpg 1177w\" sizes=\"auto, (max-width: 1021px) 100vw, 1021px\" \/><\/figure>\n\n\n\n<p>Vedouc\u00ed na odd\u00edlech, v\u00fdletech, v\u00fdprav\u00e1ch, akc\u00edch a t\u00e1borech<\/p>\n\n\n\n<p>Tren\u00e9rka OCR a ninja d\u011bt\u00ed<\/p>\n\n\n\n<p><strong>Vzd\u011bl\u00e1n\u00ed:<\/strong><\/p>\n\n\n\n<p>Obor zpracov\u00e1n\u00ed technick\u00e9 dokumentace<\/p>\n\n\n\n<p><strong>Civiln\u00ed zam\u011bstn\u00e1n\u00ed:<\/strong><\/p>\n\n\n\n<p>St\u00e1tn\u00ed tisk\u00e1rna cenin<\/p>\n\n\n\n<p><strong>Kon\u00ed\u010dky:<\/strong><\/p>\n\n\n\n<p>turistika, p\u0159\u00edroda, j\u00edzda na kole, \u010detba, pe\u010den\u00ed<\/p>\n\n\n\n<p><strong>Vedouc\u00ed odd\u00edl\u016f:<\/strong><\/p>\n\n\n\n<p>Sportovn\u00ed odd\u00edl, Obstacle killer, Ninja Kids<\/p>\n\n\n\n<p class=\"has-huge-font-size\"><strong>Jakub<\/strong><\/p>\n\n\n\n<figure class=\"wp-block-image size-large is-resized is-style-rounded\"><img loading=\"lazy\" decoding=\"async\" width=\"768\" height=\"1024\" src=\"https:\/\/www.lagunino.cz\/wp-content\/uploads\/2024\/10\/Jakub-Johanek-768x1024.jpg\" alt=\"\" class=\"wp-image-27444\" style=\"width:450px\" srcset=\"https:\/\/www.lagunino.cz\/wp-content\/uploads\/2024\/10\/Jakub-Johanek-768x1024.jpg 768w, https:\/\/www.lagunino.cz\/wp-content\/uploads\/2024\/10\/Jakub-Johanek-225x300.jpg 225w, https:\/\/www.lagunino.cz\/wp-content\/uploads\/2024\/10\/Jakub-Johanek-1152x1536.jpg 1152w, https:\/\/www.lagunino.cz\/wp-content\/uploads\/2024\/10\/Jakub-Johanek-1536x2048.jpg 1536w, https:\/\/www.lagunino.cz\/wp-content\/uploads\/2024\/10\/Jakub-Johanek-scaled.jpg 1920w\" sizes=\"auto, (max-width: 768px) 100vw, 768px\" \/><\/figure>\n\n\n\n<p>Vedouc\u00ed na odd\u00edlech<\/p>\n\n\n\n<p>Hlavn\u00ed tren\u00e9r b\u011bhu d\u011bt\u00ed a ml\u00e1de\u017ee<\/p>\n\n\n\n<p>PR koordin\u00e1tor<\/p>\n\n\n\n<p><strong>Vzd\u011bl\u00e1n\u00ed:<\/strong><\/p>\n\n\n\n<p>Sportovn\u00ed gymn\u00e1zium Plze\u0148<\/p>\n\n\n\n<p>Vy\u0161\u0161\u00ed odborn\u00e1 \u0161kola cestovn\u00edho ruchu<\/p>\n\n\n\n<p><strong>Kurzy, kvalifikace:<\/strong><\/p>\n\n\n\n<p>Anglick\u00fd jazyk, n\u011bmeck\u00fd jazyk<\/p>\n\n\n\n<p>Tren\u00e9r kondi\u010dn\u00edho b\u011bhu 3. t\u0159\u00eddy<\/p>\n\n\n\n<p>\u010clen \u010cesk\u00e9 asociace p\u0159ek\u00e1\u017ekov\u00fdch sport\u016f, z.s.<\/p>\n\n\n\n<p><strong>Jazykov\u00e9 dovednosti:<\/strong><\/p>\n\n\n\n<p>Anglick\u00fd jazyk<\/p>\n\n\n\n<p>N\u011bmeck\u00fd jazyk<\/p>\n\n\n\n<p><strong>Civiln\u00ed zam\u011bstn\u00e1n\u00ed:<\/strong><\/p>\n\n\n\n<p>Soundesigner, hudebn\u00edk, hudebn\u00ed producent<\/p>\n\n\n\n<p><strong>Kon\u00ed\u010dky:<\/strong><\/p>\n\n\n\n<p>Hudba ve v\u0161ech form\u00e1ch, sport ve v\u0161ech form\u00e1ch, horsk\u00e1 turistika<\/p>\n\n\n\n<p><strong>Vedouc\u00ed odd\u00edl\u016f:<\/strong><\/p>\n\n\n\n<p>Rychl\u00ed delf\u00edni<\/p>\n\n\n\n<p class=\"has-huge-font-size\"><strong>Vojta (Bobe\u0161)<\/strong><\/p>\n\n\n\n<figure class=\"wp-block-image size-large is-resized is-style-rounded\"><img loading=\"lazy\" decoding=\"async\" width=\"960\" height=\"1024\" src=\"https:\/\/www.lagunino.cz\/wp-content\/uploads\/2026\/02\/Vojta-Velke-e1771244154721-960x1024.jpg\" alt=\"\" class=\"wp-image-34685\" style=\"width:450px\" srcset=\"https:\/\/www.lagunino.cz\/wp-content\/uploads\/2026\/02\/Vojta-Velke-e1771244154721-960x1024.jpg 960w, https:\/\/www.lagunino.cz\/wp-content\/uploads\/2026\/02\/Vojta-Velke-e1771244154721-281x300.jpg 281w, https:\/\/www.lagunino.cz\/wp-content\/uploads\/2026\/02\/Vojta-Velke-e1771244154721-768x819.jpg 768w, https:\/\/www.lagunino.cz\/wp-content\/uploads\/2026\/02\/Vojta-Velke-e1771244154721-500x533.jpg 500w, https:\/\/www.lagunino.cz\/wp-content\/uploads\/2026\/02\/Vojta-Velke-e1771244154721-800x853.jpg 800w, https:\/\/www.lagunino.cz\/wp-content\/uploads\/2026\/02\/Vojta-Velke-e1771244154721.jpg 1013w\" sizes=\"auto, (max-width: 960px) 100vw, 960px\" \/><\/figure>\n\n\n\n<p>Vedouc\u00ed na odd\u00edlech, v\u00fdletech, v\u00fdprav\u00e1ch, akc\u00edch a t\u00e1borech<\/p>\n\n\n\n<p><strong>Vzd\u011bl\u00e1n\u00ed:<\/strong><\/p>\n\n\n\n<p>SO\u0160 Kralupy nad Vltavou, obor IT<\/p>\n\n\n\n<p><strong>Civiln\u00ed zam\u011bstn\u00e1n\u00ed:<\/strong><\/p>\n\n\n\n<p>student UJEP v \u00dast\u00ed nad Labem<\/p>\n\n\n\n<p><strong>Kon\u00ed\u010dky:<\/strong><\/p>\n\n\n\n<p>Sport, OCR z\u00e1vody, cestov\u00e1n\u00ed, turistika, po\u010d\u00edta\u010de<\/p>\n\n\n\n<p><strong>Vedouc\u00ed odd\u00edl\u016f:<\/strong><\/p>\n\n\n\n<p>Rychl\u00ed delf\u00edni, Otu\u017eil\u00ed delf\u00edni<\/p>\n\n\n\n<p class=\"has-huge-font-size\"><strong>Terka<\/strong><\/p>\n\n\n\n<figure class=\"wp-block-image size-large is-resized is-style-rounded\"><img loading=\"lazy\" decoding=\"async\" width=\"576\" height=\"1024\" src=\"https:\/\/www.lagunino.cz\/wp-content\/uploads\/2024\/12\/IMG_20240413_125353-576x1024.jpg\" alt=\"\" class=\"wp-image-28237\" style=\"width:450px\" srcset=\"https:\/\/www.lagunino.cz\/wp-content\/uploads\/2024\/12\/IMG_20240413_125353-576x1024.jpg 576w, https:\/\/www.lagunino.cz\/wp-content\/uploads\/2024\/12\/IMG_20240413_125353-169x300.jpg 169w, https:\/\/www.lagunino.cz\/wp-content\/uploads\/2024\/12\/IMG_20240413_125353-768x1365.jpg 768w, https:\/\/www.lagunino.cz\/wp-content\/uploads\/2024\/12\/IMG_20240413_125353-864x1536.jpg 864w, https:\/\/www.lagunino.cz\/wp-content\/uploads\/2024\/12\/IMG_20240413_125353-1153x2048.jpg 1153w, https:\/\/www.lagunino.cz\/wp-content\/uploads\/2024\/12\/IMG_20240413_125353-scaled.jpg 1441w\" sizes=\"auto, (max-width: 576px) 100vw, 576px\" \/><\/figure>\n\n\n\n<p>Vedouc\u00ed na odd\u00edlech a t\u00e1borech.<\/p>\n\n\n\n<p>Tren\u00e9rka fitness dosp\u011bl\u00fdch a junior\u016f<\/p>\n\n\n\n<p><strong>Vzd\u011bl\u00e1n\u00ed:<\/strong><\/p>\n\n\n\n<p>Ing. &#8211; obor ekonomika a management<\/p>\n\n\n\n<p><strong>Kurzy, kvalifikace:<\/strong><\/p>\n\n\n\n<p>Instruktorka fitness<\/p>\n\n\n\n<p><strong>Jazykov\u00e9 dovednosti:<\/strong><\/p>\n\n\n\n<p>Anglick\u00fd jazyk<\/p>\n\n\n\n<p><strong>Civiln\u00ed zam\u011bstn\u00e1n\u00ed:<\/strong><\/p>\n\n\n\n<p>\u00da\u010detn\u00ed<\/p>\n\n\n\n<p><strong>Kon\u00ed\u010dky:<\/strong><\/p>\n\n\n\n<p>Tanec, sport, v\u00fdlety, j\u00edzda na koni<\/p>\n\n\n\n<p><strong>Vedouc\u00ed odd\u00edl\u016f:<\/strong><\/p>\n\n\n\n<p>Obstacle killer jr. a Adults<\/p>\n\n\n\n<p class=\"has-huge-font-size\"><strong>Martin (Shrek)<\/strong><\/p>\n\n\n\n<figure class=\"wp-block-image size-full is-resized is-style-rounded\"><img loading=\"lazy\" decoding=\"async\" width=\"694\" height=\"960\" src=\"https:\/\/www.lagunino.cz\/wp-content\/uploads\/2026\/02\/shrek.jpg\" alt=\"\" class=\"wp-image-34690\" style=\"width:450px\" srcset=\"https:\/\/www.lagunino.cz\/wp-content\/uploads\/2026\/02\/shrek.jpg 694w, https:\/\/www.lagunino.cz\/wp-content\/uploads\/2026\/02\/shrek-217x300.jpg 217w, https:\/\/www.lagunino.cz\/wp-content\/uploads\/2026\/02\/shrek-500x692.jpg 500w\" sizes=\"auto, (max-width: 694px) 100vw, 694px\" \/><\/figure>\n\n\n\n<p>\u010clen V\u00fdboru spolku &#8211; statut\u00e1rn\u00ed z\u00e1stupce Spolku<\/p>\n\n\n\n<p>Vedouc\u00ed na t\u00e1borech, kucha\u0159, z\u00e1sobova\u010d<\/p>\n\n\n\n<p><strong>Vzd\u011bl\u00e1n\u00ed:<\/strong><\/p>\n\n\n\n<p>St\u0159edn\u00ed odborn\u00e9 u\u010dili\u0161t\u011b potravin\u00e1\u0159sk\u00e9 pro pohostinstv\u00ed<\/p>\n\n\n\n<p><strong>Kurzy, kvalifikace<\/strong>:<\/p>\n\n\n\n<p>kurz studen\u00e9 kuchyn\u011b<\/p>\n\n\n\n<p>barmansk\u00fd kurz<\/p>\n\n\n\n<p>kurz prvn\u00ed pomoci<\/p>\n\n\n\n<p><strong>Jazykov\u00e9 dovednosti:<\/strong><\/p>\n\n\n\n<p>anglick\u00fd jazyk<\/p>\n\n\n\n<p>n\u011bmeck\u00fd jazyk<\/p>\n\n\n\n<p><strong>Civiln\u00ed zam\u011bstn\u00e1n\u00ed:<\/strong><\/p>\n\n\n\n<p>kucha\u0159<\/p>\n\n\n\n<p><strong>Kon\u00ed\u010dky:<\/strong><\/p>\n\n\n\n<p>p\u0159\u00edroda, turistika, cykloturistika, OCR z\u00e1vody, va\u0159en\u00ed<\/p>\n\n\n\n<p class=\"has-huge-font-size\"><strong>Lucka (Hedu\u0161)<\/strong><\/p>\n\n\n\n<figure class=\"wp-block-image size-large is-resized is-style-rounded\"><img loading=\"lazy\" decoding=\"async\" width=\"768\" height=\"1024\" src=\"https:\/\/www.lagunino.cz\/wp-content\/uploads\/2018\/10\/IMG_20180921_170311-768x1024.jpg\" alt=\"\" class=\"wp-image-482\" style=\"width:450px\" srcset=\"https:\/\/www.lagunino.cz\/wp-content\/uploads\/2018\/10\/IMG_20180921_170311-768x1024.jpg 768w, https:\/\/www.lagunino.cz\/wp-content\/uploads\/2018\/10\/IMG_20180921_170311-225x300.jpg 225w, https:\/\/www.lagunino.cz\/wp-content\/uploads\/2018\/10\/IMG_20180921_170311.jpg 1944w\" sizes=\"auto, (max-width: 768px) 100vw, 768px\" \/><\/figure>\n\n\n\n<p>Vedouc\u00ed na t\u00e1borech, kucha\u0159ka<\/p>\n\n\n\n<p><strong>Vzd\u011bl\u00e1n\u00ed:<\/strong><\/p>\n\n\n\n<p>st\u0159edn\u00ed odborn\u00e9 u\u010dili\u0161t\u011b &#8211; obor prodava\u010dka<\/p>\n\n\n\n<p><strong>Kurzy, kvalifikace<\/strong>:<\/p>\n\n\n\n<p>kurz Sanit\u00e1\u0159 akreditovan\u00fd Ministerstvem zdravotnictv\u00ed<\/p>\n\n\n\n<p><strong>Civiln\u00ed zam\u011bstn\u00e1n\u00ed:<\/strong><\/p>\n\n\n\n<p>Sanit\u00e1\u0159 &#8211; centr\u00e1ln\u00ed sterilizace<\/p>\n\n\n\n<p><strong>Kon\u00ed\u010dky:<\/strong><\/p>\n\n\n\n<p>cestov\u00e1n\u00ed, turistika<\/p>\n\n\n\n<p class=\"has-huge-font-size\"><strong>Vl\u00e1\u010fa<\/strong><\/p>\n\n\n\n<figure class=\"wp-block-image size-large is-resized is-style-rounded\"><img loading=\"lazy\" decoding=\"async\" width=\"783\" height=\"1024\" src=\"https:\/\/www.lagunino.cz\/wp-content\/uploads\/2021\/10\/Vlada-783x1024.jpg\" alt=\"\" class=\"wp-image-13868\" style=\"width:450px\" srcset=\"https:\/\/www.lagunino.cz\/wp-content\/uploads\/2021\/10\/Vlada-783x1024.jpg 783w, https:\/\/www.lagunino.cz\/wp-content\/uploads\/2021\/10\/Vlada-230x300.jpg 230w, https:\/\/www.lagunino.cz\/wp-content\/uploads\/2021\/10\/Vlada-768x1004.jpg 768w, https:\/\/www.lagunino.cz\/wp-content\/uploads\/2021\/10\/Vlada.jpg 1433w\" sizes=\"auto, (max-width: 783px) 100vw, 783px\" \/><\/figure>\n\n\n\n<p>Vedouc\u00ed na t\u00e1borech, zdravotn\u00edk<\/p>\n\n\n\n<p><strong>Vzd\u011bl\u00e1n\u00ed:<\/strong><\/p>\n\n\n\n<p>St\u0159edn\u00ed odborn\u00e9 u\u010dili\u0161t\u011b obor truhl\u00e1\u0159<\/p>\n\n\n\n<p><strong>Kurzy, kvalifikace, jazykov\u00e9 znalosti<\/strong>:<\/p>\n\n\n\n<p>Instruktor prvn\u00ed pomoci<\/p>\n\n\n\n<p>Zdravotn\u00edk zotavovac\u00edch akc\u00ed<\/p>\n\n\n\n<p>Zdravotn\u00edk spole\u010densk\u00fdch a sportovn\u00edch akc\u00ed<\/p>\n\n\n\n<p>Z\u00e1chrana na divok\u00e9 \u0159ece<\/p>\n\n\n\n<p>Z\u00e1chrana z vodn\u00edho v\u00e1lce<\/p>\n\n\n\n<p>Instruktor z\u00e1klad\u016f sjezdov\u00e9ho ly\u017eov\u00e1n\u00ed (osv\u011bd\u010den\u00ed M\u0160MT)<\/p>\n\n\n\n<p>Instruktor vodn\u00ed turistiky<\/p>\n\n\n\n<p>Nositel d\u00fdchac\u00ed techniky (osv\u011bd\u010den\u00ed HZS)<\/p>\n\n\n\n<p>Velitel jednotky hasi\u010d\u016f ( osv\u011bd\u010den\u00ed HZS)<\/p>\n\n\n\n<p>Strojn\u00edk hasi\u010dsk\u00e9 techniky ( osv\u011bd\u010den\u00ed HZS)<\/p>\n\n\n\n<p>Obsluha motorov\u00fdch a rozbru\u0161ovac\u00edch pil ( osv\u011bd\u010den\u00ed HZS)<\/p>\n\n\n\n<p>\u010dlen jiu &#8211; jitsu Kralupy nad Vltavou &nbsp;(5 KYU)<\/p>\n\n\n\n<p>\u010dlen Lib\u010dick\u00e9ho divadeln\u00edho spolku<\/p>\n\n\n\n<p><strong>Civiln\u00ed zam\u011bstn\u00e1n\u00ed:<\/strong><\/p>\n\n\n\n<p>truhl\u00e1\u0159, programov\u00e1n\u00ed a obsluha CNC<\/p>\n\n\n\n<p><strong>Kon\u00ed\u010dky:<\/strong><\/p>\n\n\n\n<p>OCR z\u00e1vody, jiu &#8211; jitsu, vodn\u00ed turistika, hasi\u010di, hran\u00ed divadla<\/p>\n\n\n\n<p class=\"has-huge-font-size\"><strong>Honza (T\u016ft)<\/strong><\/p>\n\n\n\n<figure class=\"wp-block-image size-full is-resized is-style-rounded\"><img loading=\"lazy\" decoding=\"async\" width=\"767\" height=\"946\" src=\"https:\/\/www.lagunino.cz\/wp-content\/uploads\/2026\/02\/Tut.jpg\" alt=\"\" class=\"wp-image-34689\" style=\"width:450px\" srcset=\"https:\/\/www.lagunino.cz\/wp-content\/uploads\/2026\/02\/Tut.jpg 767w, https:\/\/www.lagunino.cz\/wp-content\/uploads\/2026\/02\/Tut-243x300.jpg 243w, https:\/\/www.lagunino.cz\/wp-content\/uploads\/2026\/02\/Tut-500x617.jpg 500w\" sizes=\"auto, (max-width: 767px) 100vw, 767px\" \/><\/figure>\n\n\n\n<p>Vedouc\u00ed na v\u00fdletech, v\u00fdprav\u00e1ch, akc\u00edch a t\u00e1borech<\/p>\n\n\n\n<p>PR Lagunino OCR Race<\/p>\n\n\n\n<p><strong>Vzd\u011bl\u00e1n\u00ed:<\/strong><\/p>\n\n\n\n<p>Z\u00e1kladn\u00ed \u0161kola<\/p>\n\n\n\n<p><strong>Civiln\u00ed zam\u011bstn\u00e1n\u00ed:<\/strong><\/p>\n\n\n\n<p>student SP\u0160 stavebn\u00ed a obchodn\u00ed akademie Kladno<\/p>\n\n\n\n<p><strong>Kon\u00ed\u010dky:<\/strong><\/p>\n\n\n\n<p>Cestov\u00e1n\u00ed, turistika, fotografov\u00e1n\u00ed, hran\u00ed her, IT, elektronika<\/p>\n","protected":false},"excerpt":{"rendered":"<p>Na\u0161i vedouc\u00ed Roman (Koala) \u010clen V\u00fdboru spolku &#8211; statut\u00e1rn\u00ed z\u00e1stupce Spolku Hlavn\u00ed tren\u00e9r OCR a Ninja Lagunino OCR Teamu d\u011bt\u00ed Hlavn\u00ed vedouc\u00ed klubu Lagunino OCR Team \u0158editel z\u00e1vod\u016f Lagunino OCR Race \u0158editel z\u00e1vod\u016f Lagunino Ninja Games Odd\u00edlov\u00fd vedouc\u00ed a tren\u00e9r, vedouc\u00ed na v\u00fdletech, v\u00fdprav\u00e1ch, akc\u00edch a t\u00e1borech, zdravotn\u00edk \u00da\u010detn\u00ed Spolku [&hellip;]<\/p>\n","protected":false},"author":1,"featured_media":0,"parent":0,"menu_order":0,"comment_status":"closed","ping_status":"closed","template":"","meta":{"footnotes":""},"class_list":["post-159","page","type-page","status-publish","hentry"],"featured_image_src":null,"_links":{"self":[{"href":"https:\/\/www.lagunino.cz\/wp-json\/wp\/v2\/pages\/159","targetHints":{"allow":["GET"]}}],"collection":[{"href":"https:\/\/www.lagunino.cz\/wp-json\/wp\/v2\/pages"}],"about":[{"href":"https:\/\/www.lagunino.cz\/wp-json\/wp\/v2\/types\/page"}],"author":[{"embeddable":true,"href":"https:\/\/www.lagunino.cz\/wp-json\/wp\/v2\/users\/1"}],"replies":[{"embeddable":true,"href":"https:\/\/www.lagunino.cz\/wp-json\/wp\/v2\/comments?post=159"}],"version-history":[{"count":75,"href":"https:\/\/www.lagunino.cz\/wp-json\/wp\/v2\/pages\/159\/revisions"}],"predecessor-version":[{"id":35582,"href":"https:\/\/www.lagunino.cz\/wp-json\/wp\/v2\/pages\/159\/revisions\/35582"}],"wp:attachment":[{"href":"https:\/\/www.lagunino.cz\/wp-json\/wp\/v2\/media?parent=159"}],"curies":[{"name":"wp","href":"https:\/\/api.w.org\/{rel}","templated":true}]}}