{"id":1251,"date":"2018-11-08T09:39:49","date_gmt":"2018-11-08T09:39:49","guid":{"rendered":"http:\/\/www.lagunino.cz\/?page_id=1251"},"modified":"2025-01-25T20:54:55","modified_gmt":"2025-01-25T20:54:55","slug":"oddilova-cinnost-podklady","status":"publish","type":"page","link":"https:\/\/www.lagunino.cz\/oddilova-cinnost-podklady\/","title":{"rendered":"Odd\u00edlov\u00e1 \u010dinnost &#8211; podklady"},"content":{"rendered":"","protected":true},"excerpt":{"rendered":"","protected":true},"author":1,"featured_media":0,"parent":0,"menu_order":0,"comment_status":"closed","ping_status":"closed","template":"","meta":{"footnotes":""},"class_list":["post-1251","page","type-page","status-publish","post-password-required","hentry"],"featured_image_src":null,"_links":{"self":[{"href":"https:\/\/www.lagunino.cz\/wp-json\/wp\/v2\/pages\/1251","targetHints":{"allow":["GET"]}}],"collection":[{"href":"https:\/\/www.lagunino.cz\/wp-json\/wp\/v2\/pages"}],"about":[{"href":"https:\/\/www.lagunino.cz\/wp-json\/wp\/v2\/types\/page"}],"author":[{"embeddable":true,"href":"https:\/\/www.lagunino.cz\/wp-json\/wp\/v2\/users\/1"}],"replies":[{"embeddable":true,"href":"https:\/\/www.lagunino.cz\/wp-json\/wp\/v2\/comments?post=1251"}],"version-history":[{"count":55,"href":"https:\/\/www.lagunino.cz\/wp-json\/wp\/v2\/pages\/1251\/revisions"}],"predecessor-version":[{"id":29053,"href":"https:\/\/www.lagunino.cz\/wp-json\/wp\/v2\/pages\/1251\/revisions\/29053"}],"wp:attachment":[{"href":"https:\/\/www.lagunino.cz\/wp-json\/wp\/v2\/media?parent=1251"}],"curies":[{"name":"wp","href":"https:\/\/api.w.org\/{rel}","templated":true}]}}