{"id":11820,"date":"2021-05-27T10:29:24","date_gmt":"2021-05-27T10:29:24","guid":{"rendered":"http:\/\/www.lagunino.cz\/?page_id=11820"},"modified":"2025-01-25T21:30:13","modified_gmt":"2025-01-25T21:30:13","slug":"summer-kids-race","status":"publish","type":"page","link":"https:\/\/www.lagunino.cz\/summer-kids-race\/","title":{"rendered":"Summer Kids Race 2021"},"content":{"rendered":"\n<h2 class=\"wp-block-heading has-text-align-center has-huge-font-size\">Summer Kids Race 2021<\/h2>\n\n\n\n<p class=\"has-text-align-center\"><strong>\u010ctvrt\u00fd a nejt\u011b\u017e\u0161\u00ed z\u00e1vod na\u0161\u00ed s\u00e9rie OCR b\u011bh\u016f jsme p\u0159ipravili ve St\u011b\u017eov\u011b. Tra\u0165 dlouh\u00e1 n\u011bco m\u00e1lo p\u0159es 4 km byla napln\u011bna 43 p\u0159ek\u00e1\u017ekami. D\u011bti si u\u017eily hodn\u011b vody, bl\u00e1to, p\u0159ek\u00e1\u017eky na s\u00edlu, obratnost a pam\u011b\u0165.<\/strong><\/p>\n\n\n\n<p>D\u011bti byly rozd\u011bleny do t\u0159\u00ed kategori\u00ed, jako prvn\u00ed se na z\u00e1vod vydala kategorie Kids II.<\/p>\n\n\n\n<figure class=\"wp-block-gallery has-nested-images columns-default is-cropped wp-block-gallery-1 is-layout-flex wp-block-gallery-is-layout-flex\">\n<figure class=\"wp-block-image\"><img loading=\"lazy\" decoding=\"async\" width=\"1024\" height=\"682\" data-id=\"12813\" src=\"https:\/\/www.lagunino.cz\/wp-content\/uploads\/2021\/08\/2021-08-07-11h35m11-X2-1024x682.jpg\" alt=\"\" class=\"wp-image-12813\" srcset=\"https:\/\/www.lagunino.cz\/wp-content\/uploads\/2021\/08\/2021-08-07-11h35m11-X2-1024x682.jpg 1024w, https:\/\/www.lagunino.cz\/wp-content\/uploads\/2021\/08\/2021-08-07-11h35m11-X2-300x200.jpg 300w, https:\/\/www.lagunino.cz\/wp-content\/uploads\/2021\/08\/2021-08-07-11h35m11-X2-768x512.jpg 768w, https:\/\/www.lagunino.cz\/wp-content\/uploads\/2021\/08\/2021-08-07-11h35m11-X2.jpg 1280w\" sizes=\"auto, (max-width: 1024px) 100vw, 1024px\" \/><\/figure>\n\n\n\n<figure class=\"wp-block-image\"><img loading=\"lazy\" decoding=\"async\" width=\"1024\" height=\"682\" data-id=\"12816\" src=\"https:\/\/www.lagunino.cz\/wp-content\/uploads\/2021\/08\/2021-08-07-12h11m53-X2-1024x682.jpg\" alt=\"\" class=\"wp-image-12816\" srcset=\"https:\/\/www.lagunino.cz\/wp-content\/uploads\/2021\/08\/2021-08-07-12h11m53-X2-1024x682.jpg 1024w, https:\/\/www.lagunino.cz\/wp-content\/uploads\/2021\/08\/2021-08-07-12h11m53-X2-300x200.jpg 300w, https:\/\/www.lagunino.cz\/wp-content\/uploads\/2021\/08\/2021-08-07-12h11m53-X2-768x512.jpg 768w, https:\/\/www.lagunino.cz\/wp-content\/uploads\/2021\/08\/2021-08-07-12h11m53-X2.jpg 1280w\" sizes=\"auto, (max-width: 1024px) 100vw, 1024px\" \/><\/figure>\n\n\n\n<figure class=\"wp-block-image\"><img loading=\"lazy\" decoding=\"async\" width=\"1024\" height=\"682\" data-id=\"12815\" src=\"https:\/\/www.lagunino.cz\/wp-content\/uploads\/2021\/08\/2021-08-07-11h53m15-X2-1024x682.jpg\" alt=\"\" class=\"wp-image-12815\" srcset=\"https:\/\/www.lagunino.cz\/wp-content\/uploads\/2021\/08\/2021-08-07-11h53m15-X2-1024x682.jpg 1024w, https:\/\/www.lagunino.cz\/wp-content\/uploads\/2021\/08\/2021-08-07-11h53m15-X2-300x200.jpg 300w, https:\/\/www.lagunino.cz\/wp-content\/uploads\/2021\/08\/2021-08-07-11h53m15-X2-768x512.jpg 768w, https:\/\/www.lagunino.cz\/wp-content\/uploads\/2021\/08\/2021-08-07-11h53m15-X2.jpg 1280w\" sizes=\"auto, (max-width: 1024px) 100vw, 1024px\" \/><\/figure>\n\n\n\n<figure class=\"wp-block-image\"><img loading=\"lazy\" decoding=\"async\" width=\"1024\" height=\"682\" data-id=\"12814\" src=\"https:\/\/www.lagunino.cz\/wp-content\/uploads\/2021\/08\/2021-08-07-11h40m23-X2-1024x682.jpg\" alt=\"\" class=\"wp-image-12814\" srcset=\"https:\/\/www.lagunino.cz\/wp-content\/uploads\/2021\/08\/2021-08-07-11h40m23-X2-1024x682.jpg 1024w, https:\/\/www.lagunino.cz\/wp-content\/uploads\/2021\/08\/2021-08-07-11h40m23-X2-300x200.jpg 300w, https:\/\/www.lagunino.cz\/wp-content\/uploads\/2021\/08\/2021-08-07-11h40m23-X2-768x512.jpg 768w, https:\/\/www.lagunino.cz\/wp-content\/uploads\/2021\/08\/2021-08-07-11h40m23-X2.jpg 1280w\" sizes=\"auto, (max-width: 1024px) 100vw, 1024px\" \/><\/figure>\n<\/figure>\n\n\n\n<hr class=\"wp-block-separator has-alpha-channel-opacity\"\/>\n\n\n\n<p>N\u00e1sledn\u011b vyb\u00edhala kategorie Kids I<\/p>\n\n\n\n<figure class=\"wp-block-gallery has-nested-images columns-default is-cropped wp-block-gallery-2 is-layout-flex wp-block-gallery-is-layout-flex\">\n<figure class=\"wp-block-image\"><img loading=\"lazy\" decoding=\"async\" width=\"1024\" height=\"682\" data-id=\"12829\" src=\"https:\/\/www.lagunino.cz\/wp-content\/uploads\/2021\/08\/2021-08-07-13h48m23-1-X2-1024x682.jpg\" alt=\"\" class=\"wp-image-12829\" srcset=\"https:\/\/www.lagunino.cz\/wp-content\/uploads\/2021\/08\/2021-08-07-13h48m23-1-X2-1024x682.jpg 1024w, https:\/\/www.lagunino.cz\/wp-content\/uploads\/2021\/08\/2021-08-07-13h48m23-1-X2-300x200.jpg 300w, https:\/\/www.lagunino.cz\/wp-content\/uploads\/2021\/08\/2021-08-07-13h48m23-1-X2-768x512.jpg 768w, https:\/\/www.lagunino.cz\/wp-content\/uploads\/2021\/08\/2021-08-07-13h48m23-1-X2.jpg 1280w\" sizes=\"auto, (max-width: 1024px) 100vw, 1024px\" \/><\/figure>\n\n\n\n<figure class=\"wp-block-image\"><img loading=\"lazy\" decoding=\"async\" width=\"1024\" height=\"682\" data-id=\"12828\" src=\"https:\/\/www.lagunino.cz\/wp-content\/uploads\/2021\/08\/2021-08-07-13h17m43-X2-1024x682.jpg\" alt=\"\" class=\"wp-image-12828\" srcset=\"https:\/\/www.lagunino.cz\/wp-content\/uploads\/2021\/08\/2021-08-07-13h17m43-X2-1024x682.jpg 1024w, https:\/\/www.lagunino.cz\/wp-content\/uploads\/2021\/08\/2021-08-07-13h17m43-X2-300x200.jpg 300w, https:\/\/www.lagunino.cz\/wp-content\/uploads\/2021\/08\/2021-08-07-13h17m43-X2-768x512.jpg 768w, https:\/\/www.lagunino.cz\/wp-content\/uploads\/2021\/08\/2021-08-07-13h17m43-X2.jpg 1280w\" sizes=\"auto, (max-width: 1024px) 100vw, 1024px\" \/><\/figure>\n\n\n\n<figure class=\"wp-block-image\"><img loading=\"lazy\" decoding=\"async\" width=\"1024\" height=\"682\" data-id=\"12827\" src=\"https:\/\/www.lagunino.cz\/wp-content\/uploads\/2021\/08\/2021-08-07-13h13m00-X2-1024x682.jpg\" alt=\"\" class=\"wp-image-12827\" srcset=\"https:\/\/www.lagunino.cz\/wp-content\/uploads\/2021\/08\/2021-08-07-13h13m00-X2-1024x682.jpg 1024w, https:\/\/www.lagunino.cz\/wp-content\/uploads\/2021\/08\/2021-08-07-13h13m00-X2-300x200.jpg 300w, https:\/\/www.lagunino.cz\/wp-content\/uploads\/2021\/08\/2021-08-07-13h13m00-X2-768x512.jpg 768w, https:\/\/www.lagunino.cz\/wp-content\/uploads\/2021\/08\/2021-08-07-13h13m00-X2.jpg 1280w\" sizes=\"auto, (max-width: 1024px) 100vw, 1024px\" \/><\/figure>\n\n\n\n<figure class=\"wp-block-image\"><img loading=\"lazy\" decoding=\"async\" width=\"1024\" height=\"682\" data-id=\"12826\" src=\"https:\/\/www.lagunino.cz\/wp-content\/uploads\/2021\/08\/2021-08-07-13h08m35-X2-1024x682.jpg\" alt=\"\" class=\"wp-image-12826\" srcset=\"https:\/\/www.lagunino.cz\/wp-content\/uploads\/2021\/08\/2021-08-07-13h08m35-X2-1024x682.jpg 1024w, https:\/\/www.lagunino.cz\/wp-content\/uploads\/2021\/08\/2021-08-07-13h08m35-X2-300x200.jpg 300w, https:\/\/www.lagunino.cz\/wp-content\/uploads\/2021\/08\/2021-08-07-13h08m35-X2-768x512.jpg 768w, https:\/\/www.lagunino.cz\/wp-content\/uploads\/2021\/08\/2021-08-07-13h08m35-X2.jpg 1280w\" sizes=\"auto, (max-width: 1024px) 100vw, 1024px\" \/><\/figure>\n\n\n\n<figure class=\"wp-block-image\"><img loading=\"lazy\" decoding=\"async\" width=\"1024\" height=\"682\" data-id=\"12825\" src=\"https:\/\/www.lagunino.cz\/wp-content\/uploads\/2021\/08\/2021-08-07-12h54m04-1-X2-1024x682.jpg\" alt=\"\" class=\"wp-image-12825\" srcset=\"https:\/\/www.lagunino.cz\/wp-content\/uploads\/2021\/08\/2021-08-07-12h54m04-1-X2-1024x682.jpg 1024w, https:\/\/www.lagunino.cz\/wp-content\/uploads\/2021\/08\/2021-08-07-12h54m04-1-X2-300x200.jpg 300w, https:\/\/www.lagunino.cz\/wp-content\/uploads\/2021\/08\/2021-08-07-12h54m04-1-X2-768x512.jpg 768w, https:\/\/www.lagunino.cz\/wp-content\/uploads\/2021\/08\/2021-08-07-12h54m04-1-X2.jpg 1280w\" sizes=\"auto, (max-width: 1024px) 100vw, 1024px\" \/><\/figure>\n\n\n\n<figure class=\"wp-block-image\"><img loading=\"lazy\" decoding=\"async\" width=\"1024\" height=\"682\" data-id=\"12824\" src=\"https:\/\/www.lagunino.cz\/wp-content\/uploads\/2021\/08\/2021-08-07-12h49m06-X2-1024x682.jpg\" alt=\"\" class=\"wp-image-12824\" srcset=\"https:\/\/www.lagunino.cz\/wp-content\/uploads\/2021\/08\/2021-08-07-12h49m06-X2-1024x682.jpg 1024w, https:\/\/www.lagunino.cz\/wp-content\/uploads\/2021\/08\/2021-08-07-12h49m06-X2-300x200.jpg 300w, https:\/\/www.lagunino.cz\/wp-content\/uploads\/2021\/08\/2021-08-07-12h49m06-X2-768x512.jpg 768w, https:\/\/www.lagunino.cz\/wp-content\/uploads\/2021\/08\/2021-08-07-12h49m06-X2.jpg 1280w\" sizes=\"auto, (max-width: 1024px) 100vw, 1024px\" \/><\/figure>\n\n\n\n<figure class=\"wp-block-image\"><img loading=\"lazy\" decoding=\"async\" width=\"1024\" height=\"682\" data-id=\"12823\" src=\"https:\/\/www.lagunino.cz\/wp-content\/uploads\/2021\/08\/2021-08-07-12h40m05-X2-1024x682.jpg\" alt=\"\" class=\"wp-image-12823\" srcset=\"https:\/\/www.lagunino.cz\/wp-content\/uploads\/2021\/08\/2021-08-07-12h40m05-X2-1024x682.jpg 1024w, https:\/\/www.lagunino.cz\/wp-content\/uploads\/2021\/08\/2021-08-07-12h40m05-X2-300x200.jpg 300w, https:\/\/www.lagunino.cz\/wp-content\/uploads\/2021\/08\/2021-08-07-12h40m05-X2-768x512.jpg 768w, https:\/\/www.lagunino.cz\/wp-content\/uploads\/2021\/08\/2021-08-07-12h40m05-X2.jpg 1280w\" sizes=\"auto, (max-width: 1024px) 100vw, 1024px\" \/><\/figure>\n\n\n\n<figure class=\"wp-block-image\"><img loading=\"lazy\" decoding=\"async\" width=\"1024\" height=\"682\" data-id=\"12822\" src=\"https:\/\/www.lagunino.cz\/wp-content\/uploads\/2021\/08\/2021-08-07-12h36m51-1-X2-1024x682.jpg\" alt=\"\" class=\"wp-image-12822\" srcset=\"https:\/\/www.lagunino.cz\/wp-content\/uploads\/2021\/08\/2021-08-07-12h36m51-1-X2-1024x682.jpg 1024w, https:\/\/www.lagunino.cz\/wp-content\/uploads\/2021\/08\/2021-08-07-12h36m51-1-X2-300x200.jpg 300w, https:\/\/www.lagunino.cz\/wp-content\/uploads\/2021\/08\/2021-08-07-12h36m51-1-X2-768x512.jpg 768w, https:\/\/www.lagunino.cz\/wp-content\/uploads\/2021\/08\/2021-08-07-12h36m51-1-X2.jpg 1280w\" sizes=\"auto, (max-width: 1024px) 100vw, 1024px\" \/><\/figure>\n\n\n\n<figure class=\"wp-block-image\"><img loading=\"lazy\" decoding=\"async\" width=\"1024\" height=\"682\" data-id=\"12821\" src=\"https:\/\/www.lagunino.cz\/wp-content\/uploads\/2021\/08\/2021-08-07-12h36m29-1-X2-1024x682.jpg\" alt=\"\" class=\"wp-image-12821\" srcset=\"https:\/\/www.lagunino.cz\/wp-content\/uploads\/2021\/08\/2021-08-07-12h36m29-1-X2-1024x682.jpg 1024w, https:\/\/www.lagunino.cz\/wp-content\/uploads\/2021\/08\/2021-08-07-12h36m29-1-X2-300x200.jpg 300w, https:\/\/www.lagunino.cz\/wp-content\/uploads\/2021\/08\/2021-08-07-12h36m29-1-X2-768x512.jpg 768w, https:\/\/www.lagunino.cz\/wp-content\/uploads\/2021\/08\/2021-08-07-12h36m29-1-X2.jpg 1280w\" sizes=\"auto, (max-width: 1024px) 100vw, 1024px\" \/><\/figure>\n\n\n\n<figure class=\"wp-block-image\"><img loading=\"lazy\" decoding=\"async\" width=\"1024\" height=\"682\" data-id=\"12820\" src=\"https:\/\/www.lagunino.cz\/wp-content\/uploads\/2021\/08\/2021-08-07-12h33m45-X2-1024x682.jpg\" alt=\"\" class=\"wp-image-12820\" srcset=\"https:\/\/www.lagunino.cz\/wp-content\/uploads\/2021\/08\/2021-08-07-12h33m45-X2-1024x682.jpg 1024w, https:\/\/www.lagunino.cz\/wp-content\/uploads\/2021\/08\/2021-08-07-12h33m45-X2-300x200.jpg 300w, https:\/\/www.lagunino.cz\/wp-content\/uploads\/2021\/08\/2021-08-07-12h33m45-X2-768x512.jpg 768w, https:\/\/www.lagunino.cz\/wp-content\/uploads\/2021\/08\/2021-08-07-12h33m45-X2.jpg 1280w\" sizes=\"auto, (max-width: 1024px) 100vw, 1024px\" \/><\/figure>\n\n\n\n<figure class=\"wp-block-image\"><img loading=\"lazy\" decoding=\"async\" width=\"1024\" height=\"682\" data-id=\"12819\" src=\"https:\/\/www.lagunino.cz\/wp-content\/uploads\/2021\/08\/2021-08-07-12h33m08-X2-1024x682.jpg\" alt=\"\" class=\"wp-image-12819\" srcset=\"https:\/\/www.lagunino.cz\/wp-content\/uploads\/2021\/08\/2021-08-07-12h33m08-X2-1024x682.jpg 1024w, https:\/\/www.lagunino.cz\/wp-content\/uploads\/2021\/08\/2021-08-07-12h33m08-X2-300x200.jpg 300w, https:\/\/www.lagunino.cz\/wp-content\/uploads\/2021\/08\/2021-08-07-12h33m08-X2-768x512.jpg 768w, https:\/\/www.lagunino.cz\/wp-content\/uploads\/2021\/08\/2021-08-07-12h33m08-X2.jpg 1280w\" sizes=\"auto, (max-width: 1024px) 100vw, 1024px\" \/><\/figure>\n\n\n\n<figure class=\"wp-block-image\"><img loading=\"lazy\" decoding=\"async\" width=\"1024\" height=\"682\" data-id=\"12818\" src=\"https:\/\/www.lagunino.cz\/wp-content\/uploads\/2021\/08\/2021-08-07-12h26m56-X2-1024x682.jpg\" alt=\"\" class=\"wp-image-12818\" srcset=\"https:\/\/www.lagunino.cz\/wp-content\/uploads\/2021\/08\/2021-08-07-12h26m56-X2-1024x682.jpg 1024w, https:\/\/www.lagunino.cz\/wp-content\/uploads\/2021\/08\/2021-08-07-12h26m56-X2-300x200.jpg 300w, https:\/\/www.lagunino.cz\/wp-content\/uploads\/2021\/08\/2021-08-07-12h26m56-X2-768x512.jpg 768w, https:\/\/www.lagunino.cz\/wp-content\/uploads\/2021\/08\/2021-08-07-12h26m56-X2.jpg 1280w\" sizes=\"auto, (max-width: 1024px) 100vw, 1024px\" \/><\/figure>\n<\/figure>\n\n\n\n<hr class=\"wp-block-separator has-alpha-channel-opacity\"\/>\n\n\n\n<p>Jako posledn\u00ed se na z\u00e1vod vydali junio\u0159i.<\/p>\n\n\n\n<figure class=\"wp-block-gallery has-nested-images columns-default is-cropped wp-block-gallery-3 is-layout-flex wp-block-gallery-is-layout-flex\">\n<figure class=\"wp-block-image\"><img loading=\"lazy\" decoding=\"async\" width=\"1024\" height=\"682\" data-id=\"12837\" src=\"https:\/\/www.lagunino.cz\/wp-content\/uploads\/2021\/08\/2021-08-07-15h25m38-1-X2-1024x682.jpg\" alt=\"\" class=\"wp-image-12837\" srcset=\"https:\/\/www.lagunino.cz\/wp-content\/uploads\/2021\/08\/2021-08-07-15h25m38-1-X2-1024x682.jpg 1024w, https:\/\/www.lagunino.cz\/wp-content\/uploads\/2021\/08\/2021-08-07-15h25m38-1-X2-300x200.jpg 300w, https:\/\/www.lagunino.cz\/wp-content\/uploads\/2021\/08\/2021-08-07-15h25m38-1-X2-768x512.jpg 768w, https:\/\/www.lagunino.cz\/wp-content\/uploads\/2021\/08\/2021-08-07-15h25m38-1-X2.jpg 1280w\" sizes=\"auto, (max-width: 1024px) 100vw, 1024px\" \/><\/figure>\n\n\n\n<figure class=\"wp-block-image\"><img loading=\"lazy\" decoding=\"async\" width=\"1024\" height=\"682\" data-id=\"12836\" src=\"https:\/\/www.lagunino.cz\/wp-content\/uploads\/2021\/08\/2021-08-07-15h21m13-X2-1024x682.jpg\" alt=\"\" class=\"wp-image-12836\" srcset=\"https:\/\/www.lagunino.cz\/wp-content\/uploads\/2021\/08\/2021-08-07-15h21m13-X2-1024x682.jpg 1024w, https:\/\/www.lagunino.cz\/wp-content\/uploads\/2021\/08\/2021-08-07-15h21m13-X2-300x200.jpg 300w, https:\/\/www.lagunino.cz\/wp-content\/uploads\/2021\/08\/2021-08-07-15h21m13-X2-768x512.jpg 768w, https:\/\/www.lagunino.cz\/wp-content\/uploads\/2021\/08\/2021-08-07-15h21m13-X2.jpg 1280w\" sizes=\"auto, (max-width: 1024px) 100vw, 1024px\" \/><\/figure>\n\n\n\n<figure class=\"wp-block-image\"><img loading=\"lazy\" decoding=\"async\" width=\"1024\" height=\"682\" data-id=\"12835\" src=\"https:\/\/www.lagunino.cz\/wp-content\/uploads\/2021\/08\/2021-08-07-15h10m50-X2-1024x682.jpg\" alt=\"\" class=\"wp-image-12835\" srcset=\"https:\/\/www.lagunino.cz\/wp-content\/uploads\/2021\/08\/2021-08-07-15h10m50-X2-1024x682.jpg 1024w, https:\/\/www.lagunino.cz\/wp-content\/uploads\/2021\/08\/2021-08-07-15h10m50-X2-300x200.jpg 300w, https:\/\/www.lagunino.cz\/wp-content\/uploads\/2021\/08\/2021-08-07-15h10m50-X2-768x512.jpg 768w, https:\/\/www.lagunino.cz\/wp-content\/uploads\/2021\/08\/2021-08-07-15h10m50-X2.jpg 1280w\" sizes=\"auto, (max-width: 1024px) 100vw, 1024px\" \/><\/figure>\n\n\n\n<figure class=\"wp-block-image\"><img loading=\"lazy\" decoding=\"async\" width=\"1024\" height=\"682\" data-id=\"12834\" src=\"https:\/\/www.lagunino.cz\/wp-content\/uploads\/2021\/08\/2021-08-07-14h53m59-X2-1024x682.jpg\" alt=\"\" class=\"wp-image-12834\" srcset=\"https:\/\/www.lagunino.cz\/wp-content\/uploads\/2021\/08\/2021-08-07-14h53m59-X2-1024x682.jpg 1024w, https:\/\/www.lagunino.cz\/wp-content\/uploads\/2021\/08\/2021-08-07-14h53m59-X2-300x200.jpg 300w, https:\/\/www.lagunino.cz\/wp-content\/uploads\/2021\/08\/2021-08-07-14h53m59-X2-768x512.jpg 768w, https:\/\/www.lagunino.cz\/wp-content\/uploads\/2021\/08\/2021-08-07-14h53m59-X2.jpg 1280w\" sizes=\"auto, (max-width: 1024px) 100vw, 1024px\" \/><\/figure>\n\n\n\n<figure class=\"wp-block-image\"><img loading=\"lazy\" decoding=\"async\" width=\"1024\" height=\"682\" data-id=\"12833\" src=\"https:\/\/www.lagunino.cz\/wp-content\/uploads\/2021\/08\/2021-08-07-14h51m27-1-X2-1024x682.jpg\" alt=\"\" class=\"wp-image-12833\" srcset=\"https:\/\/www.lagunino.cz\/wp-content\/uploads\/2021\/08\/2021-08-07-14h51m27-1-X2-1024x682.jpg 1024w, https:\/\/www.lagunino.cz\/wp-content\/uploads\/2021\/08\/2021-08-07-14h51m27-1-X2-300x200.jpg 300w, https:\/\/www.lagunino.cz\/wp-content\/uploads\/2021\/08\/2021-08-07-14h51m27-1-X2-768x512.jpg 768w, https:\/\/www.lagunino.cz\/wp-content\/uploads\/2021\/08\/2021-08-07-14h51m27-1-X2.jpg 1280w\" sizes=\"auto, (max-width: 1024px) 100vw, 1024px\" \/><\/figure>\n\n\n\n<figure class=\"wp-block-image\"><img loading=\"lazy\" decoding=\"async\" width=\"1024\" height=\"682\" data-id=\"12832\" src=\"https:\/\/www.lagunino.cz\/wp-content\/uploads\/2021\/08\/2021-08-07-14h38m45-1-X2-1024x682.jpg\" alt=\"\" class=\"wp-image-12832\" srcset=\"https:\/\/www.lagunino.cz\/wp-content\/uploads\/2021\/08\/2021-08-07-14h38m45-1-X2-1024x682.jpg 1024w, https:\/\/www.lagunino.cz\/wp-content\/uploads\/2021\/08\/2021-08-07-14h38m45-1-X2-300x200.jpg 300w, https:\/\/www.lagunino.cz\/wp-content\/uploads\/2021\/08\/2021-08-07-14h38m45-1-X2-768x512.jpg 768w, https:\/\/www.lagunino.cz\/wp-content\/uploads\/2021\/08\/2021-08-07-14h38m45-1-X2.jpg 1280w\" sizes=\"auto, (max-width: 1024px) 100vw, 1024px\" \/><\/figure>\n\n\n\n<figure class=\"wp-block-image\"><img loading=\"lazy\" decoding=\"async\" width=\"1024\" height=\"682\" data-id=\"12831\" src=\"https:\/\/www.lagunino.cz\/wp-content\/uploads\/2021\/08\/2021-08-07-14h28m45-X2-1024x682.jpg\" alt=\"\" class=\"wp-image-12831\" srcset=\"https:\/\/www.lagunino.cz\/wp-content\/uploads\/2021\/08\/2021-08-07-14h28m45-X2-1024x682.jpg 1024w, https:\/\/www.lagunino.cz\/wp-content\/uploads\/2021\/08\/2021-08-07-14h28m45-X2-300x200.jpg 300w, https:\/\/www.lagunino.cz\/wp-content\/uploads\/2021\/08\/2021-08-07-14h28m45-X2-768x512.jpg 768w, https:\/\/www.lagunino.cz\/wp-content\/uploads\/2021\/08\/2021-08-07-14h28m45-X2.jpg 1280w\" sizes=\"auto, (max-width: 1024px) 100vw, 1024px\" \/><\/figure>\n\n\n\n<figure class=\"wp-block-image\"><img loading=\"lazy\" decoding=\"async\" width=\"1024\" height=\"682\" data-id=\"12830\" src=\"https:\/\/www.lagunino.cz\/wp-content\/uploads\/2021\/08\/2021-08-07-14h25m48-X2-1024x682.jpg\" alt=\"\" class=\"wp-image-12830\" srcset=\"https:\/\/www.lagunino.cz\/wp-content\/uploads\/2021\/08\/2021-08-07-14h25m48-X2-1024x682.jpg 1024w, https:\/\/www.lagunino.cz\/wp-content\/uploads\/2021\/08\/2021-08-07-14h25m48-X2-300x200.jpg 300w, https:\/\/www.lagunino.cz\/wp-content\/uploads\/2021\/08\/2021-08-07-14h25m48-X2-768x512.jpg 768w, https:\/\/www.lagunino.cz\/wp-content\/uploads\/2021\/08\/2021-08-07-14h25m48-X2.jpg 1280w\" sizes=\"auto, (max-width: 1024px) 100vw, 1024px\" \/><\/figure>\n<\/figure>\n\n\n\n<hr class=\"wp-block-separator has-alpha-channel-opacity is-style-wide\"\/>\n\n\n\n<p class=\"has-text-align-center has-larger-font-size\">Fotogalerie ze z\u00e1vodu&nbsp;<a href=\"https:\/\/romankotlin.smugmug.com\/Lagunino-z-s\/Z%C3%A1vody\/2021\/Lagunino-OCR-Race\/Summer-Race-7-8-2021\/\">zde<\/a><\/p>\n\n\n\n<hr class=\"wp-block-separator has-alpha-channel-opacity is-style-wide\"\/>\n\n\n\n<p class=\"has-text-align-center has-larger-font-size\">Video ze z\u00e1vodu na&nbsp;<a href=\"https:\/\/www.youtube.com\/watch?v=U0mX-RV7jeA\">youtube<\/a><\/p>\n\n\n\n<hr class=\"wp-block-separator has-alpha-channel-opacity is-style-wide\"\/>\n\n\n\n<p class=\"has-larger-font-size\"><strong>V\u00fdsledkov\u00e1  listina<\/strong><\/p>\n\n\n\n<div class=\"wp-block-columns has-2-columns is-layout-flex wp-container-core-columns-is-layout-9d6595d7 wp-block-columns-is-layout-flex\">\n<div class=\"wp-block-column is-layout-flow wp-block-column-is-layout-flow\">\n<div class=\"wp-block-columns has-2-columns is-layout-flex wp-container-core-columns-is-layout-9d6595d7 wp-block-columns-is-layout-flex\">\n<div class=\"wp-block-column is-layout-flow wp-block-column-is-layout-flow\">\n<p><strong>Jm\u00e9no a p\u0159\u00edjmen\u00ed<\/strong><\/p>\n\n\n\n<p>\u0160imon Hrachovec<\/p>\n\n\n\n<p>Albert Kubes<\/p>\n\n\n\n<p>Adam Jaru\u0161ek<\/p>\n\n\n\n<p>Nela Jaru\u0161kov\u00e1<\/p>\n\n\n\n<p>Timothy Buchanan <\/p>\n\n\n\n<p>Martin Ku\u010dera <\/p>\n\n\n\n<p>Max Grybauskas<\/p>\n\n\n\n<p>Marek Weinfurtner<\/p>\n\n\n\n<p>Karel Weinfurtner<\/p>\n\n\n\n<p>Mat\u011bj Orvan<\/p>\n\n\n\n<p>Martin Elznic<\/p>\n\n\n\n<p>Vojt\u011bch \u0160ulc<\/p>\n\n\n\n<p>Jan Toth<\/p>\n<\/div>\n\n\n\n<div class=\"wp-block-column is-layout-flow wp-block-column-is-layout-flow\">\n<p><strong>Kategorie<\/strong><\/p>\n\n\n\n<p>Kids I<\/p>\n\n\n\n<p>Kids I<\/p>\n\n\n\n<p>Kids I<\/p>\n\n\n\n<p>Kids I<\/p>\n\n\n\n<p>Kids I<\/p>\n\n\n\n<p>Kids II<\/p>\n\n\n\n<p>Kids II<\/p>\n\n\n\n<p>Kids II<\/p>\n\n\n\n<p>Kids II<\/p>\n\n\n\n<p>Junior<\/p>\n\n\n\n<p>Junior<\/p>\n\n\n\n<p>Junior<\/p>\n\n\n\n<p>Junior<\/p>\n<\/div>\n<\/div>\n<\/div>\n\n\n\n<div class=\"wp-block-column is-layout-flow wp-block-column-is-layout-flow\">\n<div class=\"wp-block-columns has-2-columns is-layout-flex wp-container-core-columns-is-layout-9d6595d7 wp-block-columns-is-layout-flex\">\n<div class=\"wp-block-column is-layout-flow wp-block-column-is-layout-flow\">\n<p> <strong>V\u00fdsledn\u00fd \u010das<\/strong><\/p>\n\n\n\n<p>50:58<\/p>\n\n\n\n<p>52:29<\/p>\n\n\n\n<p>1:00:16<\/p>\n\n\n\n<p>1:27:40<\/p>\n\n\n\n<p>1:28:09<\/p>\n\n\n\n<p>40:32<\/p>\n\n\n\n<p>44:58<\/p>\n\n\n\n<p>54:11<\/p>\n\n\n\n<p>55:25<\/p>\n\n\n\n<p>38:33<\/p>\n\n\n\n<p>53:38<\/p>\n\n\n\n<p>1:02:00<\/p>\n\n\n\n<p>1:08:21<\/p>\n<\/div>\n\n\n\n<div class=\"wp-block-column is-layout-flow wp-block-column-is-layout-flow\">\n<p><strong>Po\u0159ad\u00ed v kategorii<\/strong><\/p>\n\n\n\n<p class=\"has-luminous-vivid-amber-color has-text-color\"><strong>1.<\/strong><\/p>\n\n\n\n<p class=\"has-very-light-gray-color has-text-color\"><strong>2.<\/strong><\/p>\n\n\n\n<p class=\"has-vivid-red-color has-text-color\"><strong>3.<\/strong><\/p>\n\n\n\n<p>4.<\/p>\n\n\n\n<p>5.<\/p>\n\n\n\n<p class=\"has-luminous-vivid-amber-color has-text-color\"><strong>1.<\/strong><\/p>\n\n\n\n<p class=\"has-very-light-gray-color has-text-color\"><strong>2.<\/strong><\/p>\n\n\n\n<p class=\"has-vivid-red-color has-text-color\"><strong>3.<\/strong><\/p>\n\n\n\n<p>4.<\/p>\n\n\n\n<p class=\"has-luminous-vivid-amber-color has-text-color\"><strong>1.<\/strong><\/p>\n\n\n\n<p class=\"has-very-light-gray-color has-text-color\"><strong>2.<\/strong><\/p>\n\n\n\n<p class=\"has-vivid-red-color has-text-color\"><strong>3.<\/strong><\/p>\n\n\n\n<p>4.<\/p>\n<\/div>\n<\/div>\n<\/div>\n<\/div>\n\n\n\n<p><\/p>\n","protected":false},"excerpt":{"rendered":"<p>Summer Kids Race 2021 \u010ctvrt\u00fd a nejt\u011b\u017e\u0161\u00ed z\u00e1vod na\u0161\u00ed s\u00e9rie OCR b\u011bh\u016f jsme p\u0159ipravili ve St\u011b\u017eov\u011b. Tra\u0165 dlouh\u00e1 n\u011bco m\u00e1lo p\u0159es 4 km byla napln\u011bna 43 p\u0159ek\u00e1\u017ekami. D\u011bti si u\u017eily hodn\u011b vody, bl\u00e1to, p\u0159ek\u00e1\u017eky na s\u00edlu, obratnost a pam\u011b\u0165. D\u011bti byly rozd\u011bleny do t\u0159\u00ed kategori\u00ed, jako prvn\u00ed se na z\u00e1vod [&hellip;]<\/p>\n","protected":false},"author":1,"featured_media":0,"parent":0,"menu_order":0,"comment_status":"closed","ping_status":"closed","template":"","meta":{"footnotes":""},"class_list":["post-11820","page","type-page","status-publish","hentry"],"featured_image_src":null,"_links":{"self":[{"href":"https:\/\/www.lagunino.cz\/wp-json\/wp\/v2\/pages\/11820","targetHints":{"allow":["GET"]}}],"collection":[{"href":"https:\/\/www.lagunino.cz\/wp-json\/wp\/v2\/pages"}],"about":[{"href":"https:\/\/www.lagunino.cz\/wp-json\/wp\/v2\/types\/page"}],"author":[{"embeddable":true,"href":"https:\/\/www.lagunino.cz\/wp-json\/wp\/v2\/users\/1"}],"replies":[{"embeddable":true,"href":"https:\/\/www.lagunino.cz\/wp-json\/wp\/v2\/comments?post=11820"}],"version-history":[{"count":25,"href":"https:\/\/www.lagunino.cz\/wp-json\/wp\/v2\/pages\/11820\/revisions"}],"predecessor-version":[{"id":29096,"href":"https:\/\/www.lagunino.cz\/wp-json\/wp\/v2\/pages\/11820\/revisions\/29096"}],"wp:attachment":[{"href":"https:\/\/www.lagunino.cz\/wp-json\/wp\/v2\/media?parent=11820"}],"curies":[{"name":"wp","href":"https:\/\/api.w.org\/{rel}","templated":true}]}}