{"id":11193,"date":"2021-04-08T11:32:31","date_gmt":"2021-04-08T11:32:31","guid":{"rendered":"http:\/\/www.lagunino.cz\/?page_id=11193"},"modified":"2025-01-25T20:13:51","modified_gmt":"2025-01-25T20:13:51","slug":"lagunino-ninja-warrior-kids-2021","status":"publish","type":"page","link":"https:\/\/www.lagunino.cz\/lagunino-ninja-warrior-kids-2021\/","title":{"rendered":"Lagunino Ninja Warrior Kids 2021"},"content":{"rendered":"\n<h2 class=\"wp-block-heading has-text-align-center has-huge-font-size\">Lagunino Ninja Warrior Kids 2021<\/h2>\n\n\n<div class=\"wp-block-image\">\n<figure class=\"aligncenter size-large is-resized\"><img loading=\"lazy\" decoding=\"async\" width=\"1024\" height=\"718\" src=\"https:\/\/www.lagunino.cz\/wp-content\/uploads\/2025\/01\/Ninja-Warrior-logo-1536x1077-1-1024x718.jpg\" alt=\"\" class=\"wp-image-28510\" style=\"width:550px\" srcset=\"https:\/\/www.lagunino.cz\/wp-content\/uploads\/2025\/01\/Ninja-Warrior-logo-1536x1077-1-1024x718.jpg 1024w, https:\/\/www.lagunino.cz\/wp-content\/uploads\/2025\/01\/Ninja-Warrior-logo-1536x1077-1-300x210.jpg 300w, https:\/\/www.lagunino.cz\/wp-content\/uploads\/2025\/01\/Ninja-Warrior-logo-1536x1077-1-768x539.jpg 768w, https:\/\/www.lagunino.cz\/wp-content\/uploads\/2025\/01\/Ninja-Warrior-logo-1536x1077-1.jpg 1536w\" sizes=\"auto, (max-width: 1024px) 100vw, 1024px\" \/><\/figure>\n<\/div>\n\n\n<p class=\"has-text-align-center\" style=\"font-size:24px\">Od jara 2021 prob\u00edhala prvn\u00ed s\u00e9rie z\u00e1vod\u016f pro d\u011bti <strong>Lagunino Ninja Warrior<\/strong> <strong>Kids<\/strong>. Z\u00e1vody byly zam\u011b\u0159eny p\u0159edev\u0161\u00edm na s\u00edlu a obratnost, m\u00e9n\u011b na b\u011bh. S\u00e9rie sest\u00e1vala z p\u011bti z\u00e1vod\u016f, na nich\u017e d\u011bti rozd\u011blen\u00e9 do p\u011bti kategori\u00ed podle v\u011bku postupn\u011b z\u00edsk\u00e1valy body celkov\u00e9ho rankingu. Celkov\u011b se z\u00e1vod\u016f z\u00fa\u010dastnilo 13 d\u011bt\u00ed.<\/p>\n\n\n\n<figure class=\"wp-block-gallery has-nested-images columns-default is-cropped wp-block-gallery-1 is-layout-flex wp-block-gallery-is-layout-flex\">\n<figure class=\"wp-block-image\"><img loading=\"lazy\" decoding=\"async\" width=\"1024\" height=\"683\" data-id=\"12189\" src=\"https:\/\/www.lagunino.cz\/wp-content\/uploads\/2021\/06\/2021-06-29-16h33m43-XL-1024x683.jpg\" alt=\"\" class=\"wp-image-12189\" srcset=\"https:\/\/www.lagunino.cz\/wp-content\/uploads\/2021\/06\/2021-06-29-16h33m43-XL.jpg 1024w, https:\/\/www.lagunino.cz\/wp-content\/uploads\/2021\/06\/2021-06-29-16h33m43-XL-300x200.jpg 300w, https:\/\/www.lagunino.cz\/wp-content\/uploads\/2021\/06\/2021-06-29-16h33m43-XL-768x512.jpg 768w\" sizes=\"auto, (max-width: 1024px) 100vw, 1024px\" \/><\/figure>\n\n\n\n<figure class=\"wp-block-image\"><img loading=\"lazy\" decoding=\"async\" width=\"1024\" height=\"683\" data-id=\"12181\" src=\"https:\/\/www.lagunino.cz\/wp-content\/uploads\/2021\/06\/2021-06-29-16h11m12-XL-1024x683.jpg\" alt=\"\" class=\"wp-image-12181\" srcset=\"https:\/\/www.lagunino.cz\/wp-content\/uploads\/2021\/06\/2021-06-29-16h11m12-XL.jpg 1024w, https:\/\/www.lagunino.cz\/wp-content\/uploads\/2021\/06\/2021-06-29-16h11m12-XL-300x200.jpg 300w, https:\/\/www.lagunino.cz\/wp-content\/uploads\/2021\/06\/2021-06-29-16h11m12-XL-768x512.jpg 768w\" sizes=\"auto, (max-width: 1024px) 100vw, 1024px\" \/><\/figure>\n\n\n\n<figure class=\"wp-block-image\"><img loading=\"lazy\" decoding=\"async\" width=\"1024\" height=\"683\" data-id=\"12175\" src=\"https:\/\/www.lagunino.cz\/wp-content\/uploads\/2021\/06\/2021-06-29-16h55m37-XL-1024x683.jpg\" alt=\"\" class=\"wp-image-12175\" srcset=\"https:\/\/www.lagunino.cz\/wp-content\/uploads\/2021\/06\/2021-06-29-16h55m37-XL.jpg 1024w, https:\/\/www.lagunino.cz\/wp-content\/uploads\/2021\/06\/2021-06-29-16h55m37-XL-300x200.jpg 300w, https:\/\/www.lagunino.cz\/wp-content\/uploads\/2021\/06\/2021-06-29-16h55m37-XL-768x512.jpg 768w\" sizes=\"auto, (max-width: 1024px) 100vw, 1024px\" \/><\/figure>\n<\/figure>\n\n\n\n<hr class=\"wp-block-separator has-alpha-channel-opacity\"\/>\n\n\n\n<p>Celkovou v\u00edt\u011bzkou s\u00e9rie 2021 se stala Sasanka, kter\u00e1 nasb\u00edrala dohromady 50 bod\u016f a pat\u0159\u00ed j\u00ed velk\u00e1 gratulace za v\u00fdkony, kter\u00e9 p\u0159edvedla. <\/p>\n\n\n<div class=\"wp-block-image is-style-rounded\">\n<figure class=\"aligncenter is-resized\"><img loading=\"lazy\" decoding=\"async\" width=\"1024\" height=\"683\" src=\"https:\/\/www.lagunino.cz\/wp-content\/uploads\/2021\/10\/2021-10-02-14h52m51-2-XL-1024x683.jpg\" alt=\"\" class=\"wp-image-13886\" style=\"width:592px;height:auto\" srcset=\"https:\/\/www.lagunino.cz\/wp-content\/uploads\/2021\/10\/2021-10-02-14h52m51-2-XL.jpg 1024w, https:\/\/www.lagunino.cz\/wp-content\/uploads\/2021\/10\/2021-10-02-14h52m51-2-XL-300x200.jpg 300w, https:\/\/www.lagunino.cz\/wp-content\/uploads\/2021\/10\/2021-10-02-14h52m51-2-XL-768x512.jpg 768w\" sizes=\"auto, (max-width: 1024px) 100vw, 1024px\" \/><\/figure>\n<\/div>\n\n\n<hr class=\"wp-block-separator has-alpha-channel-opacity\"\/>\n\n\n\n<p class=\"has-text-align-center has-larger-font-size\"><strong>V\u00fdsledky jednotliv\u00fdch z\u00e1vod\u016f:<\/strong><\/p>\n\n\n\n<p class=\"has-text-align-center has-larger-font-size\">z\u00e1vod 2. 10. 2021 \u2013 v\u00fdsledky&nbsp;<a href=\"https:\/\/www.lagunino.cz\/?page_id=13360\">zde<\/a><\/p>\n\n\n\n<p class=\"has-text-align-center has-larger-font-size\">z\u00e1vod 2. 9. 2021 \u2013 v\u00fdsledky&nbsp;<a href=\"https:\/\/www.lagunino.cz\/?page_id=12996\">zde<\/a><\/p>\n\n\n\n<p class=\"has-text-align-center has-larger-font-size\">z\u00e1vod 31. 8. 2021 \u2013 v\u00fdsledky&nbsp;<a href=\"https:\/\/www.lagunino.cz\/?page_id=12993\">zde<\/a><\/p>\n\n\n\n<p class=\"has-text-align-center has-larger-font-size\">z\u00e1vod 27. 7. 2021 \u2013 v\u00fdsledky&nbsp;<a href=\"https:\/\/www.lagunino.cz\/?page_id=12582\">zde<\/a><\/p>\n\n\n\n<p class=\"has-text-align-center has-larger-font-size\">z\u00e1vod 29. 6. 2021 \u2013 v\u00fdsledky&nbsp;<a href=\"https:\/\/www.lagunino.cz\/?page_id=12174\">zde<\/a><\/p>\n\n\n\n<p><\/p>\n\n\n\n<p class=\"has-larger-font-size\"><strong>Kone\u010dn\u00e9 po\u0159ad\u00ed<\/strong><\/p>\n\n\n\n<div class=\"wp-block-columns has-2-columns is-layout-flex wp-container-core-columns-is-layout-9d6595d7 wp-block-columns-is-layout-flex\">\n<div class=\"wp-block-column is-layout-flow wp-block-column-is-layout-flow\">\n<div class=\"wp-block-columns has-2-columns is-layout-flex wp-container-core-columns-is-layout-9d6595d7 wp-block-columns-is-layout-flex\">\n<div class=\"wp-block-column is-layout-flow wp-block-column-is-layout-flow\">\n<p><strong>Kategorie<\/strong><\/p>\n\n\n\n<p>Kids I<\/p>\n\n\n\n<p>Kids I<\/p>\n\n\n\n<p>Kids I<\/p>\n\n\n\n<p>Kids II<\/p>\n\n\n\n<p>Kids II<\/p>\n\n\n\n<p>Kids II<\/p>\n\n\n\n<p>Kids III<\/p>\n\n\n\n<p>Kids III<\/p>\n\n\n\n<p>Kids III<\/p>\n\n\n\n<p>Junior I<\/p>\n\n\n\n<p>Junior I<\/p>\n\n\n\n<p>Junior I<\/p>\n\n\n\n<p>Junior II<\/p>\n<\/div>\n\n\n\n<div class=\"wp-block-column is-layout-flow wp-block-column-is-layout-flow\">\n<p><strong>Jm\u00e9no<\/strong><\/p>\n\n\n\n<p class=\"has-luminous-vivid-amber-color has-text-color\"><strong>\u0160imon<\/strong><\/p>\n\n\n\n<p class=\"has-cyan-bluish-gray-color has-text-color\"><strong>Richard<\/strong><\/p>\n\n\n\n<p class=\"has-text-color\" style=\"color:#692604\"><strong>Nela<\/strong> <\/p>\n\n\n\n<p class=\"has-luminous-vivid-amber-color has-text-color\"><strong>Adam<\/strong><\/p>\n\n\n\n<p class=\"has-cyan-bluish-gray-color has-text-color\"><strong>Albert<\/strong><\/p>\n\n\n\n<p class=\"has-text-color\" style=\"color:#692604\"><strong>Tom\u00e1\u0161<\/strong><\/p>\n\n\n\n<p class=\"has-luminous-vivid-amber-color has-text-color\"><strong>S\u00e1ra Tatjana<\/strong><\/p>\n\n\n\n<p class=\"has-cyan-bluish-gray-color has-text-color\"><strong>Marek <\/strong><\/p>\n\n\n\n<p class=\"has-text-color\" style=\"color:#692604\"><strong>Erik<\/strong><\/p>\n\n\n\n<p class=\"has-luminous-vivid-amber-color has-text-color\"><strong>Max<\/strong><\/p>\n\n\n\n<p class=\"has-cyan-bluish-gray-color has-text-color\"><strong>Mat\u011bj <\/strong><\/p>\n\n\n\n<p class=\"has-text-color\" style=\"color:#692604\"><strong>Nat\u00e1lie<\/strong><\/p>\n\n\n\n<p class=\"has-luminous-vivid-amber-color has-text-color\"><strong>Vojt\u011bch<\/strong><\/p>\n<\/div>\n<\/div>\n<\/div>\n\n\n\n<div class=\"wp-block-column is-layout-flow wp-block-column-is-layout-flow\">\n<div class=\"wp-block-columns has-2-columns is-layout-flex wp-container-core-columns-is-layout-9d6595d7 wp-block-columns-is-layout-flex\">\n<div class=\"wp-block-column is-layout-flow wp-block-column-is-layout-flow\">\n<p><strong>P\u0159\u00edjmen\u00ed<\/strong><\/p>\n\n\n\n<p class=\"has-luminous-vivid-amber-color has-text-color\"><strong>Hrachovec<\/strong><\/p>\n\n\n\n<p class=\"has-cyan-bluish-gray-color has-text-color\"><strong>Mal\u00fd<\/strong><\/p>\n\n\n\n<p class=\"has-text-color\" style=\"color:#692604\"><strong>Jaru\u0161kov\u00e1<\/strong><\/p>\n\n\n\n<p class=\"has-luminous-vivid-amber-color has-text-color\"><strong>Jaru\u0161ek<\/strong><\/p>\n\n\n\n<p class=\"has-cyan-bluish-gray-color has-text-color\"><strong>Kubes<\/strong><\/p>\n\n\n\n<p class=\"has-text-color\" style=\"color:#692604\"><strong>Paliulionis<\/strong><\/p>\n\n\n\n<p class=\"has-luminous-vivid-amber-color has-text-color\"><strong>Kot\u00e1lov\u00e1<\/strong><\/p>\n\n\n\n<p class=\"has-cyan-bluish-gray-color has-text-color\"><strong>Weinfurtner<\/strong><\/p>\n\n\n\n<p class=\"has-text-color\" style=\"color:#692604\"><strong>Janovsk\u00fd<\/strong><\/p>\n\n\n\n<p class=\"has-luminous-vivid-amber-color has-text-color\"><strong>Grybauskas<\/strong><\/p>\n\n\n\n<p class=\"has-cyan-bluish-gray-color has-text-color\"><strong>Orvan<\/strong><\/p>\n\n\n\n<p class=\"has-text-color\" style=\"color:#692604\"><strong>Belyu\u0161ov\u00e1<\/strong><\/p>\n\n\n\n<p class=\"has-luminous-vivid-amber-color has-text-color\"><strong>\u0160ulc<\/strong><\/p>\n<\/div>\n\n\n\n<div class=\"wp-block-column is-layout-flow wp-block-column-is-layout-flow\">\n<p><strong>Po\u010det bod\u016f<\/strong><\/p>\n\n\n\n<p>40<\/p>\n\n\n\n<p>26<\/p>\n\n\n\n<p>17<\/p>\n\n\n\n<p>10<\/p>\n\n\n\n<p>9<\/p>\n\n\n\n<p>8<\/p>\n\n\n\n<p>50<\/p>\n\n\n\n<p>18<\/p>\n\n\n\n<p>8<\/p>\n\n\n\n<p>37<\/p>\n\n\n\n<p>30<\/p>\n\n\n\n<p>25<\/p>\n\n\n\n<p>30<\/p>\n<\/div>\n<\/div>\n\n\n\n<p><\/p>\n<\/div>\n<\/div>\n","protected":false},"excerpt":{"rendered":"<p>Lagunino Ninja Warrior Kids 2021 Od jara 2021 prob\u00edhala prvn\u00ed s\u00e9rie z\u00e1vod\u016f pro d\u011bti Lagunino Ninja Warrior Kids. Z\u00e1vody byly zam\u011b\u0159eny p\u0159edev\u0161\u00edm na s\u00edlu a obratnost, m\u00e9n\u011b na b\u011bh. S\u00e9rie sest\u00e1vala z p\u011bti z\u00e1vod\u016f, na nich\u017e d\u011bti rozd\u011blen\u00e9 do p\u011bti kategori\u00ed podle v\u011bku postupn\u011b z\u00edsk\u00e1valy body celkov\u00e9ho rankingu. Celkov\u011b se [&hellip;]<\/p>\n","protected":false},"author":1,"featured_media":0,"parent":0,"menu_order":0,"comment_status":"closed","ping_status":"closed","template":"","meta":{"footnotes":""},"class_list":["post-11193","page","type-page","status-publish","hentry"],"featured_image_src":null,"_links":{"self":[{"href":"https:\/\/www.lagunino.cz\/wp-json\/wp\/v2\/pages\/11193","targetHints":{"allow":["GET"]}}],"collection":[{"href":"https:\/\/www.lagunino.cz\/wp-json\/wp\/v2\/pages"}],"about":[{"href":"https:\/\/www.lagunino.cz\/wp-json\/wp\/v2\/types\/page"}],"author":[{"embeddable":true,"href":"https:\/\/www.lagunino.cz\/wp-json\/wp\/v2\/users\/1"}],"replies":[{"embeddable":true,"href":"https:\/\/www.lagunino.cz\/wp-json\/wp\/v2\/comments?post=11193"}],"version-history":[{"count":42,"href":"https:\/\/www.lagunino.cz\/wp-json\/wp\/v2\/pages\/11193\/revisions"}],"predecessor-version":[{"id":28984,"href":"https:\/\/www.lagunino.cz\/wp-json\/wp\/v2\/pages\/11193\/revisions\/28984"}],"wp:attachment":[{"href":"https:\/\/www.lagunino.cz\/wp-json\/wp\/v2\/media?parent=11193"}],"curies":[{"name":"wp","href":"https:\/\/api.w.org\/{rel}","templated":true}]}}